{"id":84601,"date":"2024-11-17T07:25:58","date_gmt":"2024-12-18T10:05:42","guid":{"rendered":"https:\/\/staging.nbg.eu\/product\/tangent-theta-tt315m-3-15x50mm-marksman\/"},"modified":"2024-12-30T08:46:07","modified_gmt":"2024-12-30T08:46:07","slug":"tangent-theta-tt315m-3-15x50mm-marksman","status":"publish","type":"product","link":"https:\/\/staging.nbg.eu\/sv\/produkt\/tangent-theta-tt315m-3-15x50mm-marksman\/","title":{"rendered":"Tangent Theta TT315M (3-15x50mm Marksman)"},"content":{"rendered":"<div class=\"product-description\">\n<p>Tangent Theta grundades 2013 i Nova Scotia, Kanada med m\u00e5let att producera de b\u00e4sta kikarsiktena i v\u00e4rlden. Kikarsiktena monteras f\u00f6r hand, testas och inspekteras individuellt av ett team best\u00e5ende av optiska konstrukt\u00f6rer, mekaniska ingenj\u00f6rer och l\u00e5ngdistansskyttar av internationell klass.<\/p>\n<h2>Tangent Theta TT315M 3-15x50mm Kikarsikte<\/h2>\n<p>Tangent Theta TT315M \u00e4r ett precisionsinstrument f\u00f6r medell\u00e5ngt avst\u00e5nd, utformat f\u00f6r polis och s\u00e4kerhetsskyttar. Detta l\u00e4ttviktiga professionella kikarsikte kombinerar avancerad teknik med optisk prestanda.<\/p>\n<h2>Huvudfunktioner:<\/h2>\n<ul>\n<li>50mm objektivlins f\u00f6r ljusupptagning<\/li>\n<li>30mm huvudr\u00f6r f\u00f6r h\u00e5llbarhet<\/li>\n<li>Mekanisk vindavdriftsindikator<\/li>\n<li>11 riktmedelsbelysningsinst\u00e4llningar<\/li>\n<li>Sidojustering av parallax f\u00f6r fokusering<\/li>\n<li>Icke-\u00f6vers\u00e4ttande vred med h\u00f6jdstopp<\/li>\n<li>Dubbelvarvsh\u00f6jd med revolutions- och vindavdriftsindikator<\/li>\n<li>3-15x f\u00f6rstoringsomr\u00e5de<\/li>\n<li>L\u00e5sbar snabbjusterande dioptri<\/li>\n<\/ul>\n<h2>Optisk kvalitet:<\/h2>\n<p>TT315M har en optimerad optisk v\u00e4g som ger bildkvalitet. Detta g\u00f6r att skyttar kan urskilja sm\u00e5 m\u00e5ldetaljer och bibeh\u00e5lla sikte under l\u00e4ngre perioder utan \u00f6gontr\u00f6tthet.<\/p>\n<h2>Precisionsjusteringar:<\/h2>\n<p>Med justeringsmekanismer med stopp, mekanisk revolution och vindavdriftsindikatorer minskar TT315M justeringsfel och s\u00e4kerst\u00e4ller noggrannhet i kritiska situationer.<\/p>\n<h2>Riktmedelsalternativ:<\/h2>\n<ul>\n<li>Gen 2XR<\/li>\n<li>MoA<\/li>\n<li>Gen 2 Mil-Dot<\/li>\n<li>Gen 3XR<\/li>\n<\/ul>\n<h2>Tekniska specifikationer:<\/h2>\n<ul>\n<li>L\u00e4ngd: 351mm<\/li>\n<li>Vikt: 786g<\/li>\n<li>Synf\u00e4lt @ 3x: 7,3 grader (12,8m @ 100m)<\/li>\n<li>Synf\u00e4lt @ 15x: 1,6 grader (2,8m @ 100m)<\/li>\n<li>\u00d6gonavst\u00e5nd: 90mm<\/li>\n<li>Totalt h\u00f6jdjusteringsomr\u00e5de: 18 mrad (60 MoA)<\/li>\n<li>Totalt vindavdriftsjusteringsomr\u00e5de: +\/- 12 mrad (+\/-40 MoA)<\/li>\n<li>Justeringsuppl\u00f6sning: 0,1 mrad eller 1\/4 MoA<\/li>\n<li>Parallaxjusteringsomr\u00e5de: 50m till o\u00e4ndlighet<\/li>\n<\/ul>\n<h2>H\u00e5llbarhet:<\/h2>\n<p>TT315M \u00e4r vattent\u00e4t i 4 timmar p\u00e5 10 meters djup och st\u00f6tt\u00e5lig upp till 700g vid 10 000 cykler. Den har en Type II anodiserad matt yta f\u00f6r extra skydd.<\/p>\n<h2>Medf\u00f6ljande tillbeh\u00f6r:<\/h2>\n<p>Tenebraex linsskydd och ARD (Anti-Reflektionsenhet) ing\u00e5r som standardtillbeh\u00f6r.<\/p>\n<\/div>\n","protected":false},"excerpt":{"rendered":"<p>Precisionssikte 3-15x50mm f\u00f6r prickskytt. Optimal bild, nollstopp, belyst.<\/p>\n","protected":false},"featured_media":167627,"template":"","meta":{"_acf_changed":false},"product_brand":[11900],"product_cat":[12997,13029],"product_tag":[],"class_list":{"0":"post-84601","1":"product","2":"type-product","3":"status-publish","4":"has-post-thumbnail","6":"product_brand-tangent-theta","7":"product_cat-foerstorande-sikten","8":"product_cat-siktning","10":"first","11":"instock","12":"taxable","13":"shipping-taxable","14":"purchasable","15":"product-type-variable","16":"wvs-archive-product-wrapper"},"acf":[],"_links":{"self":[{"href":"https:\/\/staging.nbg.eu\/sv\/wp-json\/wp\/v2\/product\/84601","targetHints":{"allow":["GET"]}}],"collection":[{"href":"https:\/\/staging.nbg.eu\/sv\/wp-json\/wp\/v2\/product"}],"about":[{"href":"https:\/\/staging.nbg.eu\/sv\/wp-json\/wp\/v2\/types\/product"}],"wp:featuredmedia":[{"embeddable":true,"href":"https:\/\/staging.nbg.eu\/sv\/wp-json\/wp\/v2\/media\/167627"}],"wp:attachment":[{"href":"https:\/\/staging.nbg.eu\/sv\/wp-json\/wp\/v2\/media?parent=84601"}],"wp:term":[{"taxonomy":"product_brand","embeddable":true,"href":"https:\/\/staging.nbg.eu\/sv\/wp-json\/wp\/v2\/product_brand?post=84601"},{"taxonomy":"product_cat","embeddable":true,"href":"https:\/\/staging.nbg.eu\/sv\/wp-json\/wp\/v2\/product_cat?post=84601"},{"taxonomy":"product_tag","embeddable":true,"href":"https:\/\/staging.nbg.eu\/sv\/wp-json\/wp\/v2\/product_tag?post=84601"}],"curies":[{"name":"wp","href":"https:\/\/api.w.org\/{rel}","templated":true}]}}