{"id":83679,"date":"2024-11-27T16:38:30","date_gmt":"2024-12-17T12:43:32","guid":{"rendered":"https:\/\/staging.nbg.eu\/product\/super-precision-t1-mount-absolute-co-witness-ddc\/"},"modified":"2024-12-17T12:45:11","modified_gmt":"2024-12-17T12:45:11","slug":"super-precision-t1-faeste-absolute-co-witness-ddc","status":"publish","type":"product","link":"https:\/\/staging.nbg.eu\/sv\/produkt\/super-precision-t1-faeste-absolute-co-witness-ddc\/","title":{"rendered":"Super Precision T1 F\u00e4ste &#8211; Absolute Co-Witness &#8211; DDC"},"content":{"rendered":"<div class=\"product-description\">\n<h2>Precision T1-f\u00e4ste &#8211; Absolut samsikte &#8211; DDC<\/h2>\n<p>T1-f\u00e4ste f\u00f6r Aimpoint T1 eller liknande r\u00f6dpunktsikten. Tillverkat av ett stycke 7075-T6 aluminium f\u00f6r h\u00e5llbarhet och prestanda.<\/p>\n<ul>\n<li>Absolut samsikte f\u00f6r optimal siktbild<\/li>\n<li>DDC (Desert Dirt Color) typ 3 h\u00e5rd anodiserad yta<\/li>\n<li>Geisseles uppdaterade mutter- och bultf\u00e4stmetod, ger 1 400 pounds kl\u00e4mkraft<\/li>\n<li>3 skjuvklackar f\u00f6r maximal stabilitet och \u00e5terg\u00e5ng till nollpunkt<\/li>\n<li>L\u00e4tt design p\u00e5 57 gram<\/li>\n<\/ul>\n<p>Geisseles f\u00e4stl\u00f6sning med fokus p\u00e5 detaljer och kvalitet.<\/p>\n<\/div>\n","protected":false},"excerpt":{"rendered":"<p>Precisionsf\u00e4ste f\u00f6r T1-sikte, absolut samsikte, DDC-finish, ultras\u00e4kert<\/p>\n","protected":false},"featured_media":82851,"template":"","meta":{"_acf_changed":false},"product_brand":[11396],"product_cat":[13029],"product_tag":[],"class_list":{"0":"post-83679","1":"product","2":"type-product","3":"status-publish","4":"has-post-thumbnail","6":"product_brand-geissele","7":"product_cat-siktning","9":"first","10":"instock","11":"taxable","12":"shipping-taxable","13":"product-type-simple"},"acf":[],"_links":{"self":[{"href":"https:\/\/staging.nbg.eu\/sv\/wp-json\/wp\/v2\/product\/83679","targetHints":{"allow":["GET"]}}],"collection":[{"href":"https:\/\/staging.nbg.eu\/sv\/wp-json\/wp\/v2\/product"}],"about":[{"href":"https:\/\/staging.nbg.eu\/sv\/wp-json\/wp\/v2\/types\/product"}],"wp:featuredmedia":[{"embeddable":true,"href":"https:\/\/staging.nbg.eu\/sv\/wp-json\/wp\/v2\/media\/82851"}],"wp:attachment":[{"href":"https:\/\/staging.nbg.eu\/sv\/wp-json\/wp\/v2\/media?parent=83679"}],"wp:term":[{"taxonomy":"product_brand","embeddable":true,"href":"https:\/\/staging.nbg.eu\/sv\/wp-json\/wp\/v2\/product_brand?post=83679"},{"taxonomy":"product_cat","embeddable":true,"href":"https:\/\/staging.nbg.eu\/sv\/wp-json\/wp\/v2\/product_cat?post=83679"},{"taxonomy":"product_tag","embeddable":true,"href":"https:\/\/staging.nbg.eu\/sv\/wp-json\/wp\/v2\/product_tag?post=83679"}],"curies":[{"name":"wp","href":"https:\/\/api.w.org\/{rel}","templated":true}]}}