{"id":83657,"date":"2024-11-02T06:43:16","date_gmt":"2024-11-02T06:43:16","guid":{"rendered":"https:\/\/staging.nbg.eu\/product\/sons-of-liberty-gun-works-ar-15-buffer-h3\/"},"modified":"2024-12-17T13:06:19","modified_gmt":"2024-12-17T13:06:19","slug":"sons-of-liberty-gun-works-ar-15-buffer-h3","status":"publish","type":"product","link":"https:\/\/staging.nbg.eu\/sv\/produkt\/sons-of-liberty-gun-works-ar-15-buffer-h3\/","title":{"rendered":"Sons of Liberty Gun Works &#8211; AR 15 Buffer H3"},"content":{"rendered":"<div class=\"product-description\">\n<h2>Sons of Liberty Gun Works &#8211; AR 15 Buffert H3<\/h2>\n<p>SOLGW H3 Buffert \u00e4r en ers\u00e4ttningsdel f\u00f6r AR-15. Den \u00e4r tillverkad f\u00f6r att s\u00e4kerst\u00e4lla funktionalitet f\u00f6r vapnet.<\/p>\n<ul>\n<li>Kompatibel med alla AR-15 modeller<\/li>\n<li>Vikt: 5.4 oz<\/li>\n<li>M\u00e5tt: 1 tum<\/li>\n<li>Tydligt m\u00e4rkt f\u00f6r enkel viktidentifiering<\/li>\n<\/ul>\n<p>Denna buffert \u00e4r designad f\u00f6r att minska upplevd rekyl och f\u00f6rb\u00e4ttra cykeln.<\/p>\n<p>Sons of Liberty Gun Works tillverkar denna del.<\/p>\n<\/div>\n","protected":false},"excerpt":{"rendered":"<p>Sons of Liberty H3 AR-15 buffert: Precis, h\u00e5llbar, vikt 153 gram.<\/p>\n","protected":false},"featured_media":76336,"template":"","meta":{"_acf_changed":false},"product_brand":[],"product_cat":[13002],"product_tag":[],"class_list":{"0":"post-83657","1":"product","2":"type-product","3":"status-publish","4":"has-post-thumbnail","6":"product_cat-gevaersjustering","8":"first","9":"outofstock","10":"taxable","11":"shipping-taxable","12":"purchasable","13":"product-type-simple"},"acf":[],"_links":{"self":[{"href":"https:\/\/staging.nbg.eu\/sv\/wp-json\/wp\/v2\/product\/83657","targetHints":{"allow":["GET"]}}],"collection":[{"href":"https:\/\/staging.nbg.eu\/sv\/wp-json\/wp\/v2\/product"}],"about":[{"href":"https:\/\/staging.nbg.eu\/sv\/wp-json\/wp\/v2\/types\/product"}],"wp:featuredmedia":[{"embeddable":true,"href":"https:\/\/staging.nbg.eu\/sv\/wp-json\/wp\/v2\/media\/76336"}],"wp:attachment":[{"href":"https:\/\/staging.nbg.eu\/sv\/wp-json\/wp\/v2\/media?parent=83657"}],"wp:term":[{"taxonomy":"product_brand","embeddable":true,"href":"https:\/\/staging.nbg.eu\/sv\/wp-json\/wp\/v2\/product_brand?post=83657"},{"taxonomy":"product_cat","embeddable":true,"href":"https:\/\/staging.nbg.eu\/sv\/wp-json\/wp\/v2\/product_cat?post=83657"},{"taxonomy":"product_tag","embeddable":true,"href":"https:\/\/staging.nbg.eu\/sv\/wp-json\/wp\/v2\/product_tag?post=83657"}],"curies":[{"name":"wp","href":"https:\/\/api.w.org\/{rel}","templated":true}]}}