{"id":83591,"date":"2024-11-01T14:01:14","date_gmt":"2024-12-17T12:13:22","guid":{"rendered":"https:\/\/staging.nbg.eu\/product\/sons-of-liberty-gun-works-ar-15-buffer-h2\/"},"modified":"2024-12-17T12:59:16","modified_gmt":"2024-12-17T12:59:16","slug":"sons-of-liberty-gun-works-ar-15-buffer-h2","status":"publish","type":"product","link":"https:\/\/staging.nbg.eu\/sv\/produkt\/sons-of-liberty-gun-works-ar-15-buffer-h2\/","title":{"rendered":"Sons of Liberty Gun Works &#8211; AR 15 Buffer H2"},"content":{"rendered":"<div class=\"product-description\">\n<h2>Sons of Liberty Gun Works &#8211; AR 15 Buffert H2<\/h2>\n<p>H2-bufferten fr\u00e5n Sons of Liberty Gun Works (SOLGW) \u00e4r konstruerad f\u00f6r AR-15. Denna ers\u00e4ttningsdel s\u00e4kerst\u00e4ller funktionalitet f\u00f6r ditt vapen.<\/p>\n<ul>\n<li>Kompatibel med alla AR-15 modeller<\/li>\n<li>Tillverkad med exakta toleranser<\/li>\n<li>St\u00e4mplad f\u00f6r enkel viktidentifiering<\/li>\n<li>Vikt: 4.6 oz (130,4 g)<\/li>\n<li>Dimensioner: 1 tum (2,54 cm)<\/li>\n<\/ul>\n<p>Denna H2-buffert bidrar till AR-15:s tillf\u00f6rlitlighet och funktion. SOLGW:s komponent levererar konsekvent prestanda.<\/p>\n<\/div>\n","protected":false},"excerpt":{"rendered":"<p>SOLGW AR-15 H2-buffert: Precisionstillverkad 130 grams ers\u00e4ttning f\u00f6r j\u00e4mn och p\u00e5litlig funktion<\/p>\n","protected":false},"featured_media":76289,"template":"","meta":{"_acf_changed":false},"product_brand":[],"product_cat":[13002],"product_tag":[],"class_list":{"0":"post-83591","1":"product","2":"type-product","3":"status-publish","4":"has-post-thumbnail","6":"product_cat-gevaersjustering","8":"first","9":"instock","10":"taxable","11":"shipping-taxable","12":"purchasable","13":"product-type-simple"},"acf":[],"_links":{"self":[{"href":"https:\/\/staging.nbg.eu\/sv\/wp-json\/wp\/v2\/product\/83591","targetHints":{"allow":["GET"]}}],"collection":[{"href":"https:\/\/staging.nbg.eu\/sv\/wp-json\/wp\/v2\/product"}],"about":[{"href":"https:\/\/staging.nbg.eu\/sv\/wp-json\/wp\/v2\/types\/product"}],"wp:featuredmedia":[{"embeddable":true,"href":"https:\/\/staging.nbg.eu\/sv\/wp-json\/wp\/v2\/media\/76289"}],"wp:attachment":[{"href":"https:\/\/staging.nbg.eu\/sv\/wp-json\/wp\/v2\/media?parent=83591"}],"wp:term":[{"taxonomy":"product_brand","embeddable":true,"href":"https:\/\/staging.nbg.eu\/sv\/wp-json\/wp\/v2\/product_brand?post=83591"},{"taxonomy":"product_cat","embeddable":true,"href":"https:\/\/staging.nbg.eu\/sv\/wp-json\/wp\/v2\/product_cat?post=83591"},{"taxonomy":"product_tag","embeddable":true,"href":"https:\/\/staging.nbg.eu\/sv\/wp-json\/wp\/v2\/product_tag?post=83591"}],"curies":[{"name":"wp","href":"https:\/\/api.w.org\/{rel}","templated":true}]}}