{"id":83569,"date":"2024-11-27T08:27:04","date_gmt":"2024-12-17T12:04:08","guid":{"rendered":"https:\/\/staging.nbg.eu\/product\/geissele-ak-trigger-enhanced-with-lightning-bow-akt-el\/"},"modified":"2024-12-17T12:05:36","modified_gmt":"2024-12-17T12:05:36","slug":"geissele-ak-avtryckare-enhanced-med-lightning-bow-akt-el","status":"publish","type":"product","link":"https:\/\/staging.nbg.eu\/sv\/produkt\/geissele-ak-avtryckare-enhanced-med-lightning-bow-akt-el\/","title":{"rendered":"Geissele AK Avtryckare Enhanced med Lightning Bow (AKT-EL)"},"content":{"rendered":"<div class=\"product-description\">\n<h2>Geissele AK Avtryckare F\u00f6rb\u00e4ttrad med Lightning Bow (AKT-EL)<\/h2>\n<p>AKT-EL \u00e4r en avtryckare f\u00f6r AK47\/AK74. Denna enstegade avtryckare erbjuder:<\/p>\n<ul>\n<li>Kortare avtryckardrag<\/li>\n<li>Tillverkad av legerat st\u00e5l<\/li>\n<li>Manganfosfaterad yta f\u00f6r korrosionsbest\u00e4ndighet<\/li>\n<li>Lightning Bow\u00ae-design<\/li>\n<li>Tillverkad i USA (North Wales, PA)<\/li>\n<li>Bidrar till 922(r)-\u00f6verensst\u00e4mmelse med tre delar<\/li>\n<\/ul>\n<p><strong>Obs:<\/strong> Ej kompatibel med 12-gauge och 308 \/ 7.62x54r varianter. Professionell installation rekommenderas.<\/p>\n<\/div>\n","protected":false},"excerpt":{"rendered":"<p>F\u00f6rb\u00e4ttrat AK-avtryckare med Lightning Bow f\u00f6r j\u00e4mnare, kortare avtryck.<\/p>\n","protected":false},"featured_media":82134,"template":"","meta":{"_acf_changed":false},"product_brand":[11396],"product_cat":[12987,12990,13002],"product_tag":[],"class_list":{"0":"post-83569","1":"product","2":"type-product","3":"status-publish","4":"has-post-thumbnail","6":"product_brand-geissele","7":"product_cat-ak-justering","8":"product_cat-avtryckare","9":"product_cat-gevaersjustering","11":"first","12":"instock","13":"taxable","14":"shipping-taxable","15":"product-type-simple"},"acf":[],"_links":{"self":[{"href":"https:\/\/staging.nbg.eu\/sv\/wp-json\/wp\/v2\/product\/83569","targetHints":{"allow":["GET"]}}],"collection":[{"href":"https:\/\/staging.nbg.eu\/sv\/wp-json\/wp\/v2\/product"}],"about":[{"href":"https:\/\/staging.nbg.eu\/sv\/wp-json\/wp\/v2\/types\/product"}],"wp:featuredmedia":[{"embeddable":true,"href":"https:\/\/staging.nbg.eu\/sv\/wp-json\/wp\/v2\/media\/82134"}],"wp:attachment":[{"href":"https:\/\/staging.nbg.eu\/sv\/wp-json\/wp\/v2\/media?parent=83569"}],"wp:term":[{"taxonomy":"product_brand","embeddable":true,"href":"https:\/\/staging.nbg.eu\/sv\/wp-json\/wp\/v2\/product_brand?post=83569"},{"taxonomy":"product_cat","embeddable":true,"href":"https:\/\/staging.nbg.eu\/sv\/wp-json\/wp\/v2\/product_cat?post=83569"},{"taxonomy":"product_tag","embeddable":true,"href":"https:\/\/staging.nbg.eu\/sv\/wp-json\/wp\/v2\/product_tag?post=83569"}],"curies":[{"name":"wp","href":"https:\/\/api.w.org\/{rel}","templated":true}]}}