{"id":83475,"date":"2024-11-16T09:53:46","date_gmt":"2024-12-16T10:52:31","guid":{"rendered":"https:\/\/staging.nbg.eu\/product\/elcan-specterdr-1x-4x\/"},"modified":"2024-12-16T10:54:18","modified_gmt":"2024-12-16T10:54:18","slug":"elcan-specterdr-1x4x","status":"publish","type":"product","link":"https:\/\/staging.nbg.eu\/sv\/produkt\/elcan-specterdr-1x4x\/","title":{"rendered":"ELCAN SpecterDR 1x\/4x"},"content":{"rendered":"<h2>ELCAN SpecterDR 1x\/4x Dubbelfunktionellt optiskt sikte<\/h2>\n<p>ELCAN SpecterDR 1x\/4x 2024 &#8211; ett optiskt sikte med dubbel f\u00f6rstoring.<\/p>\n<h2>Huvudfunktioner:<\/h2>\n<ul>\n<li>Integrerade Picatinny-skenor<\/li>\n<li>Ambidextra f\u00f6rstoringsreglage<\/li>\n<li>F\u00f6rb\u00e4ttrade batteriluckor<\/li>\n<li>CERAKOTE\u00ae-ytbehandling i svart eller platt m\u00f6rkbrun (FDE)<\/li>\n<li>Omedelbar v\u00e4xling mellan 4x f\u00f6rstoring och 1x CQB-sikte<\/li>\n<li>Optimerad optisk v\u00e4g och identiskt \u00f6gonavst\u00e5nd i b\u00e5da l\u00e4gen<\/li>\n<li>Belyst h\u00e5rkors eller r\u00f6d prick i mitten<\/li>\n<li>Stort synf\u00e4lt i 1x-l\u00e4ge<\/li>\n<li>Tydlig bild i 4x-l\u00e4ge<\/li>\n<\/ul>\n<h2>Riktmedel:<\/h2>\n<ul>\n<li>5.56 (CX5395)<\/li>\n<li>7.62 (CX5396)<\/li>\n<\/ul>\n<h2>Tekniska specifikationer:<\/h2>\n<ul>\n<li>F\u00f6rstoring: 4x \/ 1x<\/li>\n<li>M\u00e5tt: 153mm x 68mm x 72mm (nominellt)<\/li>\n<li>Vikt: 655g (nominellt)<\/li>\n<li>Riktmedel: Ballistiskt h\u00e5rkors med dubbel tjocklek och valbar r\u00f6d prick<\/li>\n<li>Synf\u00e4lt: 26\u00b0 @ 1x, 6,5\u00b0 @ 4x<\/li>\n<li>\u00d6gonavst\u00e5nd: 70mm<\/li>\n<li>Batteri: CR2032 (3v Litium)<\/li>\n<li>Batteritid: Upp till 1730 timmar<\/li>\n<li>Justeringsomr\u00e5de: 120 vinkelminuter<\/li>\n<\/ul>\n<h2>Valfritt XOPTEK\u2122 Micro Reflex-sikte<\/h2>\n<p>Komplettera din SpecterDR 1-4 med XOPTEK\u2122 Micro Reflex-sikte, en l\u00e4tt enhet f\u00f6r snabb riktning mot m\u00e5l p\u00e5 n\u00e4ra till medell\u00e5ngt avst\u00e5nd.<\/p>\n<p>ELCAN SpecterDR 1x\/4x \u00e4r konstruerad f\u00f6r professionellt bruk och erbjuder en l\u00f6sning f\u00f6r b\u00e5de medell\u00e5nga avst\u00e5nd och CQB-situationer.<\/p>\n","protected":false},"excerpt":{"rendered":"<p>ELCAN SpecterDR 1x\/4x: Dubbelrolls-sikte med omedelbar f\u00f6rstoringsv\u00e4xling.<\/p>\n","protected":false},"featured_media":79353,"template":"","meta":{"_acf_changed":false},"product_brand":[11305],"product_cat":[12997,13029],"product_tag":[],"class_list":{"0":"post-83475","1":"product","2":"type-product","3":"status-publish","4":"has-post-thumbnail","6":"product_brand-elcan","7":"product_cat-foerstorande-sikten","8":"product_cat-siktning","10":"first","11":"instock","12":"taxable","13":"shipping-taxable","14":"purchasable","15":"product-type-variable","16":"wvs-archive-product-wrapper"},"acf":[],"_links":{"self":[{"href":"https:\/\/staging.nbg.eu\/sv\/wp-json\/wp\/v2\/product\/83475","targetHints":{"allow":["GET"]}}],"collection":[{"href":"https:\/\/staging.nbg.eu\/sv\/wp-json\/wp\/v2\/product"}],"about":[{"href":"https:\/\/staging.nbg.eu\/sv\/wp-json\/wp\/v2\/types\/product"}],"wp:featuredmedia":[{"embeddable":true,"href":"https:\/\/staging.nbg.eu\/sv\/wp-json\/wp\/v2\/media\/79353"}],"wp:attachment":[{"href":"https:\/\/staging.nbg.eu\/sv\/wp-json\/wp\/v2\/media?parent=83475"}],"wp:term":[{"taxonomy":"product_brand","embeddable":true,"href":"https:\/\/staging.nbg.eu\/sv\/wp-json\/wp\/v2\/product_brand?post=83475"},{"taxonomy":"product_cat","embeddable":true,"href":"https:\/\/staging.nbg.eu\/sv\/wp-json\/wp\/v2\/product_cat?post=83475"},{"taxonomy":"product_tag","embeddable":true,"href":"https:\/\/staging.nbg.eu\/sv\/wp-json\/wp\/v2\/product_tag?post=83475"}],"curies":[{"name":"wp","href":"https:\/\/api.w.org\/{rel}","templated":true}]}}