{"id":83389,"date":"2024-11-01T13:52:15","date_gmt":"2024-11-01T13:52:15","guid":{"rendered":"https:\/\/staging.nbg.eu\/product\/daa-target-bag-classic-ipsc-target\/"},"modified":"2024-12-16T09:56:26","modified_gmt":"2024-12-16T09:56:26","slug":"daa-malvaeska-classic-ipsc-mal","status":"publish","type":"product","link":"https:\/\/staging.nbg.eu\/sv\/produkt\/daa-malvaeska-classic-ipsc-mal\/","title":{"rendered":"DAA M\u00e5lv\u00e4ska, Classic (IPSC) m\u00e5l"},"content":{"rendered":"<h2>DAA M\u00e5lv\u00e4ska, Classic (IPSC)<\/h2>\n<p>DAA M\u00e5lv\u00e4skan \u00e4r en l\u00f6sning f\u00f6r att transportera m\u00e5l. Den har f\u00f6ljande egenskaper:<\/p>\n<ul>\n<li>Tillverkad av D6000-textil<\/li>\n<li>Huvudfacket rymmer \u00f6ver 20 Classic IPSC-m\u00e5l i full storlek<\/li>\n<li>Tre yttre fickor:\n<ul>\n<li>Ficka f\u00f6r Speed Patcher-applikator<\/li>\n<li>Ficka f\u00f6r h\u00e4ftpistol<\/li>\n<li>Allm\u00e4n ficka f\u00f6r tejp, h\u00e4ftstift och verktyg<\/li>\n<\/ul>\n<\/li>\n<li>Tv\u00e5 justerbara remmar f\u00f6r metallm\u00e5lkrokar<\/li>\n<li>Axelrem och vadderat handtag<\/li>\n<\/ul>\n<p>Organisera all din m\u00e5lutrustning i en praktisk v\u00e4ska. H\u00e5ll h\u00e4nderna fria f\u00f6r skjutbanev\u00e4skor och ammunition.<\/p>\n","protected":false},"excerpt":{"rendered":"<p>DAA-m\u00e5lv\u00e4ska: Organisera och b\u00e4r IPSC-m\u00e5l med enkelhet.<\/p>\n","protected":false},"featured_media":76242,"template":"","meta":{"_acf_changed":false},"product_brand":[11276],"product_cat":[13066,13020],"product_tag":[],"class_list":{"0":"post-83389","1":"product","2":"type-product","3":"status-publish","4":"has-post-thumbnail","6":"product_brand-doublealpha","7":"product_cat-skjutvaeskor","8":"product_cat-utrustning","10":"first","11":"outofstock","12":"taxable","13":"shipping-taxable","14":"purchasable","15":"product-type-simple"},"acf":[],"_links":{"self":[{"href":"https:\/\/staging.nbg.eu\/sv\/wp-json\/wp\/v2\/product\/83389","targetHints":{"allow":["GET"]}}],"collection":[{"href":"https:\/\/staging.nbg.eu\/sv\/wp-json\/wp\/v2\/product"}],"about":[{"href":"https:\/\/staging.nbg.eu\/sv\/wp-json\/wp\/v2\/types\/product"}],"wp:featuredmedia":[{"embeddable":true,"href":"https:\/\/staging.nbg.eu\/sv\/wp-json\/wp\/v2\/media\/76242"}],"wp:attachment":[{"href":"https:\/\/staging.nbg.eu\/sv\/wp-json\/wp\/v2\/media?parent=83389"}],"wp:term":[{"taxonomy":"product_brand","embeddable":true,"href":"https:\/\/staging.nbg.eu\/sv\/wp-json\/wp\/v2\/product_brand?post=83389"},{"taxonomy":"product_cat","embeddable":true,"href":"https:\/\/staging.nbg.eu\/sv\/wp-json\/wp\/v2\/product_cat?post=83389"},{"taxonomy":"product_tag","embeddable":true,"href":"https:\/\/staging.nbg.eu\/sv\/wp-json\/wp\/v2\/product_tag?post=83389"}],"curies":[{"name":"wp","href":"https:\/\/api.w.org\/{rel}","templated":true}]}}