{"id":78612,"date":"2024-01-30T18:15:03","date_gmt":"2024-01-30T18:15:03","guid":{"rendered":"https:\/\/staging.nbg.eu\/product\/kmr-w-02-umbra-x\/"},"modified":"2025-02-19T16:17:08","modified_gmt":"2025-02-19T16:17:08","slug":"kmr-w-02-umbra-x","status":"publish","type":"product","link":"https:\/\/staging.nbg.eu\/sv\/produkt\/kmr-w-02-umbra-x\/","title":{"rendered":"KMR W-02 Umbra X"},"content":{"rendered":"<div class=\"product-description\">\n<h2>KMR W-02 Umbra X: IDPA Divisioner<\/h2>\n<p>KMR W-02 Umbra X \u00e4r en l\u00e4tt men kraftfull pistol designad f\u00f6r sport- och hobbyskyttar. Den \u00e4r l\u00e4mplig f\u00f6r viktbegr\u00e4nsade discipliner som IDPA och erbjuder prestanda och precision.<\/p>\n<h2>Huvudegenskaper:<\/h2>\n<ul>\n<li>4,5&#8243; tung, r\u00e4fflad, nitriderad pipa med BRS (pipstabiliseringssystem)<\/li>\n<li>Optikredo gr\u00e4nssnitt (OR) f\u00f6r anpassning<\/li>\n<li>CNC-bearbetad st\u00e5lram f\u00f6r h\u00e5llbarhet<\/li>\n<li>SA\/DA avtryckarmekanism med kort \u00e5terst\u00e4llning<\/li>\n<li>16+1 magasinkapacitet<\/li>\n<li>WAVES Duralumin-grepp i m\u00f6rkr\u00f6tt<\/li>\n<li>Justerbar Duralumin magasinutl\u00f6sningsknapp<\/li>\n<li>Fiberoptiskt fronsikte (1 mm) och justerbart OR-baksikte<\/li>\n<li>Nitriderad ram och slide i svart<\/li>\n<\/ul>\n<h2>Specifikationer:<\/h2>\n<ul>\n<li>Kaliber: 9&#215;19, 9&#215;21<\/li>\n<li>Total l\u00e4ngd: 208 mm<\/li>\n<li>Pipl\u00e4ngd: 114 mm<\/li>\n<li>Vikt med tomt magasin: 1210 g<\/li>\n<li>Avtryckarvikt: 17,5 N (SA) \/ 45 N (DA)<\/li>\n<\/ul>\n<p>KMR W-02 Umbra X levereras med KMR-tillbeh\u00f6r. Denna pistol erbjuder en balans mellan kraft och precision.<\/p>\n<p>Paketet inneh\u00e5ller: 3 magasin, KMR pistolv\u00e4ska, reng\u00f6ringskit, KMR-olja, BRS-monteringsadapter, justeringsnyckel f\u00f6r baksikte, anv\u00e4ndarmanual och garantikort.<\/p>\n<p><strong>KMR W-02 Umbra X \u2013 f\u00f6r skytte.<\/strong><\/p>\n<\/div>\n","protected":false},"excerpt":{"rendered":"<p>I apologize, but there is no product description provided in your message for me to translate. Could you please share the specific product description you would like translated to Swedish? Once you provide the text, I&#8217;ll be happy to translate it for you.<\/p>\n","protected":false},"featured_media":76078,"template":"","meta":{"_acf_changed":false},"product_brand":[11511],"product_cat":[13010,13000],"product_tag":[],"class_list":{"0":"post-78612","1":"product","2":"type-product","3":"status-publish","4":"has-post-thumbnail","6":"product_brand-kmr-precision","7":"product_cat-pistol","8":"product_cat-pistoler","10":"first","11":"outofstock","12":"taxable","13":"shipping-taxable","14":"product-type-simple"},"acf":[],"_links":{"self":[{"href":"https:\/\/staging.nbg.eu\/sv\/wp-json\/wp\/v2\/product\/78612","targetHints":{"allow":["GET"]}}],"collection":[{"href":"https:\/\/staging.nbg.eu\/sv\/wp-json\/wp\/v2\/product"}],"about":[{"href":"https:\/\/staging.nbg.eu\/sv\/wp-json\/wp\/v2\/types\/product"}],"wp:featuredmedia":[{"embeddable":true,"href":"https:\/\/staging.nbg.eu\/sv\/wp-json\/wp\/v2\/media\/76078"}],"wp:attachment":[{"href":"https:\/\/staging.nbg.eu\/sv\/wp-json\/wp\/v2\/media?parent=78612"}],"wp:term":[{"taxonomy":"product_brand","embeddable":true,"href":"https:\/\/staging.nbg.eu\/sv\/wp-json\/wp\/v2\/product_brand?post=78612"},{"taxonomy":"product_cat","embeddable":true,"href":"https:\/\/staging.nbg.eu\/sv\/wp-json\/wp\/v2\/product_cat?post=78612"},{"taxonomy":"product_tag","embeddable":true,"href":"https:\/\/staging.nbg.eu\/sv\/wp-json\/wp\/v2\/product_tag?post=78612"}],"curies":[{"name":"wp","href":"https:\/\/api.w.org\/{rel}","templated":true}]}}