{"id":77450,"date":"2024-11-01T07:33:05","date_gmt":"2024-11-01T07:33:05","guid":{"rendered":"https:\/\/staging.nbg.eu\/product\/kmr-l-02-emiq\/"},"modified":"2024-11-04T13:34:36","modified_gmt":"2024-11-04T13:34:36","slug":"kmr-l-02-emiq","status":"publish","type":"product","link":"https:\/\/staging.nbg.eu\/sv\/produkt\/kmr-l-02-emiq\/","title":{"rendered":"KMR L-02 EMIQ"},"content":{"rendered":"<div class=\"product-description\">\n<h2>KMR L-02 EMIQ: F\u00f6r t\u00e4vling<\/h2>\n<p>KMR L-02 EMIQ \u00e4r en pistol designad f\u00f6r praktiskt skytte. Detta vapen kombinerar precision med tillbeh\u00f6r f\u00f6r att ge noggrannhet och snabbhet.<\/p>\n<h2>Huvudegenskaper:<\/h2>\n<ul>\n<li>5&#8243; r\u00e4fflad, nitrerad pipa f\u00f6r precision och v\u00e4rmeavledning<\/li>\n<li>3+1 kompensator f\u00f6r minskad rekyl<\/li>\n<li>CNC-bearbetad st\u00e5lram f\u00f6r h\u00e5llbarhet<\/li>\n<li>R\u00f6dpunktsikte med skydd<\/li>\n<li>Justerbar avtryckarmekanism med r\u00e4fflad platt avtryckare<\/li>\n<li>Magasin med h\u00f6g kapacitet: 19+1 eller 26+1 skott (9&#215;19, 9\u00d721)<\/li>\n<li>KMR-tillbeh\u00f6r och BRS pipstabiliseringssystem<\/li>\n<\/ul>\n<h2>Specifikationer:<\/h2>\n<ul>\n<li>Kaliber: 9&#215;19, 9&#215;21<\/li>\n<li>Total l\u00e4ngd: 261 mm<\/li>\n<li>Pipl\u00e4ngd: 127 mm<\/li>\n<li>Vikt (utan magasin): 1260 g<\/li>\n<li>Avtrycksvikt: &gt; 13,5 N<\/li>\n<\/ul>\n<p>KMR L-02 EMIQ tillverkas av v\u00e5ra vapensmeder. Med sina funktioner och ergonomiska design \u00e4r denna pistol avsedd f\u00f6r t\u00e4vlingsskytte.<\/p>\n<\/div>\n","protected":false},"excerpt":{"rendered":"<p>H\u00f6gpresterande sportpistol med kompensator f\u00f6r t\u00e4vlingar.<\/p>\n","protected":false},"featured_media":75847,"template":"","meta":{"_acf_changed":false},"product_brand":[11511],"product_cat":[13010,13000],"product_tag":[],"class_list":{"0":"post-77450","1":"product","2":"type-product","3":"status-publish","4":"has-post-thumbnail","6":"product_brand-kmr-precision","7":"product_cat-pistol","8":"product_cat-pistoler","10":"first","11":"outofstock","12":"taxable","13":"shipping-taxable","14":"product-type-simple"},"acf":[],"_links":{"self":[{"href":"https:\/\/staging.nbg.eu\/sv\/wp-json\/wp\/v2\/product\/77450","targetHints":{"allow":["GET"]}}],"collection":[{"href":"https:\/\/staging.nbg.eu\/sv\/wp-json\/wp\/v2\/product"}],"about":[{"href":"https:\/\/staging.nbg.eu\/sv\/wp-json\/wp\/v2\/types\/product"}],"wp:featuredmedia":[{"embeddable":true,"href":"https:\/\/staging.nbg.eu\/sv\/wp-json\/wp\/v2\/media\/75847"}],"wp:attachment":[{"href":"https:\/\/staging.nbg.eu\/sv\/wp-json\/wp\/v2\/media?parent=77450"}],"wp:term":[{"taxonomy":"product_brand","embeddable":true,"href":"https:\/\/staging.nbg.eu\/sv\/wp-json\/wp\/v2\/product_brand?post=77450"},{"taxonomy":"product_cat","embeddable":true,"href":"https:\/\/staging.nbg.eu\/sv\/wp-json\/wp\/v2\/product_cat?post=77450"},{"taxonomy":"product_tag","embeddable":true,"href":"https:\/\/staging.nbg.eu\/sv\/wp-json\/wp\/v2\/product_tag?post=77450"}],"curies":[{"name":"wp","href":"https:\/\/api.w.org\/{rel}","templated":true}]}}