{"id":75479,"date":"2024-10-30T18:55:52","date_gmt":"2024-11-01T09:44:47","guid":{"rendered":"https:\/\/staging.nbg.eu\/product\/rhh-201-iwb-magazine-2\/"},"modified":"2024-11-01T09:46:52","modified_gmt":"2024-11-01T09:46:52","slug":"rhh-201-iwb-magasin","status":"publish","type":"product","link":"https:\/\/staging.nbg.eu\/sv\/produkt\/rhh-201-iwb-magasin\/","title":{"rendered":"Rhh .201 IWB Magasin"},"content":{"rendered":"<div class=\"product-description\">\n<h2>Rhh .201 IWB Magasinh\u00f6lster<\/h2>\n<p>Rhh .201 IWB Magasinh\u00f6lster \u00e4r ett h\u00f6lster f\u00f6r innanf\u00f6r byxlinningen. Det har f\u00f6ljande egenskaper:<\/p>\n<ul>\n<li>Tillverkat av precisionsformat kydex f\u00f6r passform<\/li>\n<li>Handskurna kanter<\/li>\n<li>Justerbart grepp f\u00f6r retention<\/li>\n<li>Utformning f\u00f6r enkel reng\u00f6ring<\/li>\n<li>2mm tunt kydexmaterial<\/li>\n<li>Kan b\u00e4ras p\u00e5 olika s\u00e4tt runt midjan<\/li>\n<li>L\u00e4mplig f\u00f6r anv\u00e4ndning \u00e5ret runt, s\u00e4rskilt p\u00e5 sommaren<\/li>\n<li>Tillg\u00e4nglig med st\u00e5lkl\u00e4mmor i storlekarna 40mm och 45mm<\/li>\n<li>Valfritt svettskydd<\/li>\n<\/ul>\n<p>H\u00f6lstret \u00e4r avsett f\u00f6r dold b\u00e4rning med minimal synlighet under kl\u00e4der. Det \u00e4r utformat f\u00f6r h\u00f6gerh\u00e4nta anv\u00e4ndare i klockan 9-position.<\/p>\n<\/div>\n","protected":false},"excerpt":{"rendered":"<p>Smal, dold IWB-magasinsh\u00f6lster med justerbart grepp och svettskydd.<\/p>\n","protected":false},"featured_media":74458,"template":"","meta":{"_acf_changed":false},"product_brand":[11645],"product_cat":[13007,12996],"product_tag":[],"class_list":{"0":"post-75479","1":"product","2":"type-product","3":"status-publish","4":"has-post-thumbnail","6":"product_brand-rh-holsters","7":"product_cat-hoelster","8":"product_cat-magasinhallare","9":"pa_belt-size-40mm-sv","10":"pa_model-glock-17-22-31-sv","11":"pa_model-glock-19-23-32-sv","12":"pa_model-glock-26-27-sv","13":"pa_strong-hand-right-sv","15":"first","16":"instock","17":"taxable","18":"shipping-taxable","19":"purchasable","20":"product-type-variable","21":"wvs-archive-product-wrapper"},"acf":[],"_links":{"self":[{"href":"https:\/\/staging.nbg.eu\/sv\/wp-json\/wp\/v2\/product\/75479","targetHints":{"allow":["GET"]}}],"collection":[{"href":"https:\/\/staging.nbg.eu\/sv\/wp-json\/wp\/v2\/product"}],"about":[{"href":"https:\/\/staging.nbg.eu\/sv\/wp-json\/wp\/v2\/types\/product"}],"wp:featuredmedia":[{"embeddable":true,"href":"https:\/\/staging.nbg.eu\/sv\/wp-json\/wp\/v2\/media\/74458"}],"wp:attachment":[{"href":"https:\/\/staging.nbg.eu\/sv\/wp-json\/wp\/v2\/media?parent=75479"}],"wp:term":[{"taxonomy":"product_brand","embeddable":true,"href":"https:\/\/staging.nbg.eu\/sv\/wp-json\/wp\/v2\/product_brand?post=75479"},{"taxonomy":"product_cat","embeddable":true,"href":"https:\/\/staging.nbg.eu\/sv\/wp-json\/wp\/v2\/product_cat?post=75479"},{"taxonomy":"product_tag","embeddable":true,"href":"https:\/\/staging.nbg.eu\/sv\/wp-json\/wp\/v2\/product_tag?post=75479"}],"curies":[{"name":"wp","href":"https:\/\/api.w.org\/{rel}","templated":true}]}}