{"id":74937,"date":"2024-10-21T09:31:15","date_gmt":"2024-10-31T11:16:32","guid":{"rendered":"https:\/\/staging.nbg.eu\/product\/grips-kmr-s-dotmatrix-ergo-silver\/"},"modified":"2024-10-31T11:17:56","modified_gmt":"2024-10-31T11:17:56","slug":"grepp-kmr-s-dotmatrix-ergo-silver","status":"publish","type":"product","link":"https:\/\/staging.nbg.eu\/sv\/produkt\/grepp-kmr-s-dotmatrix-ergo-silver\/","title":{"rendered":"GREPP KMR S DotMatrix &#8211; Ergo Silver"},"content":{"rendered":"<h2>GRIPS KMR S DotMatrix &#8211; Ergo Silver<\/h2>\n<p>Grepp f\u00f6r KMR S-02 pistol. Tillverkade av anodiserad duralumin, dessa l\u00e5nga grepp har en ergonomisk design och ett golfbollsm\u00f6nster f\u00f6r b\u00e4ttre grepp och kontroll.<\/p>\n<ul>\n<li>Kompatibel endast med KMR S-02 ram (26mm bred)<\/li>\n<li>Tillverkad av anodiserad duralumin f\u00f6r h\u00e5llbarhet och l\u00e4tt vikt<\/li>\n<li>Ergonomisk design f\u00f6r f\u00f6rb\u00e4ttrad hantering<\/li>\n<li>Golfbollsm\u00f6nster f\u00f6r b\u00e4ttre grepp i alla f\u00f6rh\u00e5llanden<\/li>\n<li>Silverfinish med KMR-logotyp<\/li>\n<li>Inkluderar torx-skruvar f\u00f6r enkel installation<\/li>\n<\/ul>\n<p>Dessa grepp \u00e4r designade specifikt f\u00f6r KMR S-02 .22 LR pistol. Ej kompatibel med W-02 eller L-02 ramstorlekar.<\/p>\n<dl class=\"data-sheet\">\n<dt class=\"name\">F\u00f6r KMR-vapen<\/dt>\n<dd class=\"value\">KMR S-01 LANCE (OR)<br \/>\nKMR S-02 TILL 2023<\/dd>\n<dt class=\"name\">Val efter CZ-vapen<\/dt>\n<dd class=\"value\">CZ SHADOW 1<br \/>\nCZ SHADOW 2<br \/>\nCZ SHADOW 2 (OR)<br \/>\nCZ SP-01<\/dd>\n<\/dl>\n","protected":false},"excerpt":{"rendered":"<p>Ergonomiska silverhandtag f\u00f6r KMR S-02-pistoler.<br \/>\n0611-03001-0102<\/p>\n","protected":false},"featured_media":73859,"template":"","meta":{"_acf_changed":false},"product_brand":[11511],"product_cat":[13005],"product_tag":[],"class_list":{"0":"post-74937","1":"product","2":"type-product","3":"status-publish","4":"has-post-thumbnail","6":"product_brand-kmr-precision","7":"product_cat-kmr-delar","9":"first","10":"instock","11":"taxable","12":"shipping-taxable","13":"purchasable","14":"product-type-simple"},"acf":[],"_links":{"self":[{"href":"https:\/\/staging.nbg.eu\/sv\/wp-json\/wp\/v2\/product\/74937","targetHints":{"allow":["GET"]}}],"collection":[{"href":"https:\/\/staging.nbg.eu\/sv\/wp-json\/wp\/v2\/product"}],"about":[{"href":"https:\/\/staging.nbg.eu\/sv\/wp-json\/wp\/v2\/types\/product"}],"wp:featuredmedia":[{"embeddable":true,"href":"https:\/\/staging.nbg.eu\/sv\/wp-json\/wp\/v2\/media\/73859"}],"wp:attachment":[{"href":"https:\/\/staging.nbg.eu\/sv\/wp-json\/wp\/v2\/media?parent=74937"}],"wp:term":[{"taxonomy":"product_brand","embeddable":true,"href":"https:\/\/staging.nbg.eu\/sv\/wp-json\/wp\/v2\/product_brand?post=74937"},{"taxonomy":"product_cat","embeddable":true,"href":"https:\/\/staging.nbg.eu\/sv\/wp-json\/wp\/v2\/product_cat?post=74937"},{"taxonomy":"product_tag","embeddable":true,"href":"https:\/\/staging.nbg.eu\/sv\/wp-json\/wp\/v2\/product_tag?post=74937"}],"curies":[{"name":"wp","href":"https:\/\/api.w.org\/{rel}","templated":true}]}}