{"id":74849,"date":"2024-10-21T09:33:36","date_gmt":"2024-10-31T10:59:45","guid":{"rendered":"https:\/\/staging.nbg.eu\/product\/grips-kmr-s-dotmatrix-silver\/"},"modified":"2024-10-31T11:01:08","modified_gmt":"2024-10-31T11:01:08","slug":"grepp-kmr-s-dotmatrix-silver","status":"publish","type":"product","link":"https:\/\/staging.nbg.eu\/sv\/produkt\/grepp-kmr-s-dotmatrix-silver\/","title":{"rendered":"GREPP KMR S DotMatrix &#8211; Silver"},"content":{"rendered":"<div class=\"product-description\">\n<h2>GRIPS KMR S DotMatrix &#8211; Silver<\/h2>\n<p>GRIPS KMR S DotMatrix i silver. Dessa l\u00e5nga grepp \u00e4r tillverkade av anodiserad duralumin, med ett golfbollsm\u00f6nster f\u00f6r b\u00e4ttre grepp.<\/p>\n<ul>\n<li>Utformade f\u00f6r KMR S-02-modeller med 26 mm breda aluminiumramar<\/li>\n<li>Textur f\u00f6r s\u00e4kert grepp<\/li>\n<li>L\u00e4mplig f\u00f6r uppgradering av befintliga pistoler eller f\u00f6r t\u00e4vlingsvapen<\/li>\n<li>Ingen magasinguide f\u00f6r m\u00e5ngsidig anv\u00e4ndning<\/li>\n<li>Inklusive torxskruvar f\u00f6r installation<\/li>\n<li>Med KMR-logotyp<\/li>\n<\/ul>\n<p>Obs: Dessa grepp \u00e4r endast kompatibla med KMR S-02-ramstorlekar och \u00e4r inte utbytbara med W-02- eller L-02-modeller. Kontrollera den interna markeringen (S) f\u00f6re installation.<\/p>\n<\/div>\n<dl class=\"data-sheet\">\n<dt class=\"name\">F\u00f6r vapen KMR<\/dt>\n<dd class=\"value\">KMR S-01 LANCE (OR)<br \/>\nKMR S-02 TILL 2023<\/dd>\n<dt class=\"name\">Val efter vapen CZ<\/dt>\n<dd class=\"value\">CZ SHADOW 1<br \/>\nCZ SHADOW 2<br \/>\nCZ SHADOW 2 (OR)<br \/>\nCZ SP-01<\/dd>\n<\/dl>\n","protected":false},"excerpt":{"rendered":"<p>H\u00e5llbara silverhandtag med aggressiv textur f\u00f6r s\u00e4ker hantering.<br \/>\n 0611-02801-0102<\/p>\n","protected":false},"featured_media":73883,"template":"","meta":{"_acf_changed":false},"product_brand":[11511],"product_cat":[369],"product_tag":[],"class_list":{"0":"post-74849","1":"product","2":"type-product","3":"status-publish","4":"has-post-thumbnail","6":"product_brand-kmr-precision","7":"product_cat-uncategorized","9":"first","10":"instock","11":"taxable","12":"shipping-taxable","13":"purchasable","14":"product-type-simple"},"acf":[],"_links":{"self":[{"href":"https:\/\/staging.nbg.eu\/sv\/wp-json\/wp\/v2\/product\/74849","targetHints":{"allow":["GET"]}}],"collection":[{"href":"https:\/\/staging.nbg.eu\/sv\/wp-json\/wp\/v2\/product"}],"about":[{"href":"https:\/\/staging.nbg.eu\/sv\/wp-json\/wp\/v2\/types\/product"}],"wp:featuredmedia":[{"embeddable":true,"href":"https:\/\/staging.nbg.eu\/sv\/wp-json\/wp\/v2\/media\/73883"}],"wp:attachment":[{"href":"https:\/\/staging.nbg.eu\/sv\/wp-json\/wp\/v2\/media?parent=74849"}],"wp:term":[{"taxonomy":"product_brand","embeddable":true,"href":"https:\/\/staging.nbg.eu\/sv\/wp-json\/wp\/v2\/product_brand?post=74849"},{"taxonomy":"product_cat","embeddable":true,"href":"https:\/\/staging.nbg.eu\/sv\/wp-json\/wp\/v2\/product_cat?post=74849"},{"taxonomy":"product_tag","embeddable":true,"href":"https:\/\/staging.nbg.eu\/sv\/wp-json\/wp\/v2\/product_tag?post=74849"}],"curies":[{"name":"wp","href":"https:\/\/api.w.org\/{rel}","templated":true}]}}