{"id":74827,"date":"2024-10-21T09:29:53","date_gmt":"2024-10-31T10:56:16","guid":{"rendered":"https:\/\/staging.nbg.eu\/product\/grips-kmr-s-dotmatrix-black\/"},"modified":"2024-10-31T10:57:37","modified_gmt":"2024-10-31T10:57:37","slug":"grepp-kmr-s-dotmatrix-svart","status":"publish","type":"product","link":"https:\/\/staging.nbg.eu\/sv\/produkt\/grepp-kmr-s-dotmatrix-svart\/","title":{"rendered":"GREPP KMR S DotMatrix &#8211; Svart"},"content":{"rendered":"<div class=\"product-description\">\n<h2>GRIPS KMR S DotMatrix &#8211; Svart<\/h2>\n<p>GRIPS KMR S DotMatrix i svart. Dessa grepp har en textur som ger ett s\u00e4kert grepp. L\u00e4mpliga f\u00f6r att uppgradera din befintliga pistol eller f\u00f6r t\u00e4vlingsskytte.<\/p>\n<h3>Egenskaper:<\/h3>\n<ul>\n<li>L\u00e5ng storlek f\u00f6r optimalt grepp<\/li>\n<li>Tillverkad av anodiserad duralumin f\u00f6r h\u00e5llbarhet<\/li>\n<li>Golfbollsm\u00f6nster f\u00f6r f\u00f6rb\u00e4ttrad textur<\/li>\n<li>Utformad f\u00f6r anv\u00e4ndning utan magasinguide<\/li>\n<li>Inkluderar torxskruvar f\u00f6r enkel installation<\/li>\n<li>Har KMR-logotypen<\/li>\n<\/ul>\n<p>Endast kompatibel med KMR S-02-modeller med 26 mm bred aluminiumram. Ej l\u00e4mplig f\u00f6r W-02 eller L-02 ramstorlekar. F\u00f6r uppgradering av KMR S-02 .22 LR-pistol.<\/p>\n<\/div>\n<dl class=\"data-sheet\">\n<dt class=\"name\">F\u00f6r vapen KMR<\/dt>\n<dd class=\"value\">KMR S-01 LANCE (OR)<br \/>\nKMR S-02 TILL 2023<\/dd>\n<dt class=\"name\">Val efter vapen CZ<\/dt>\n<dd class=\"value\">CZ SHADOW 1<br \/>\nCZ SHADOW 2<br \/>\nCZ SHADOW 2 (OR)<br \/>\nCZ SP-01<\/dd>\n<\/dl>\n","protected":false},"excerpt":{"rendered":"<p>H\u00e5llbara anodiserade duraluminiumgrepp till pistol. Aggressiv textur.<\/p>\n<p>0611-02801-0101<\/p>\n","protected":false},"featured_media":73835,"template":"","meta":{"_acf_changed":false},"product_brand":[11511],"product_cat":[13005],"product_tag":[],"class_list":{"0":"post-74827","1":"product","2":"type-product","3":"status-publish","4":"has-post-thumbnail","6":"product_brand-kmr-precision","7":"product_cat-kmr-delar","9":"first","10":"instock","11":"taxable","12":"shipping-taxable","13":"purchasable","14":"product-type-simple"},"acf":[],"_links":{"self":[{"href":"https:\/\/staging.nbg.eu\/sv\/wp-json\/wp\/v2\/product\/74827","targetHints":{"allow":["GET"]}}],"collection":[{"href":"https:\/\/staging.nbg.eu\/sv\/wp-json\/wp\/v2\/product"}],"about":[{"href":"https:\/\/staging.nbg.eu\/sv\/wp-json\/wp\/v2\/types\/product"}],"wp:featuredmedia":[{"embeddable":true,"href":"https:\/\/staging.nbg.eu\/sv\/wp-json\/wp\/v2\/media\/73835"}],"wp:attachment":[{"href":"https:\/\/staging.nbg.eu\/sv\/wp-json\/wp\/v2\/media?parent=74827"}],"wp:term":[{"taxonomy":"product_brand","embeddable":true,"href":"https:\/\/staging.nbg.eu\/sv\/wp-json\/wp\/v2\/product_brand?post=74827"},{"taxonomy":"product_cat","embeddable":true,"href":"https:\/\/staging.nbg.eu\/sv\/wp-json\/wp\/v2\/product_cat?post=74827"},{"taxonomy":"product_tag","embeddable":true,"href":"https:\/\/staging.nbg.eu\/sv\/wp-json\/wp\/v2\/product_tag?post=74827"}],"curies":[{"name":"wp","href":"https:\/\/api.w.org\/{rel}","templated":true}]}}