{"id":74379,"date":"2024-10-19T08:43:18","date_gmt":"2024-10-19T08:43:18","guid":{"rendered":"https:\/\/staging.nbg.eu\/product\/sg-timer-go\/"},"modified":"2025-10-01T15:30:02","modified_gmt":"2025-10-01T12:30:02","slug":"sg-timer-go","status":"publish","type":"product","link":"https:\/\/staging.nbg.eu\/sv\/produkt\/sg-timer-go\/","title":{"rendered":"SG Timer Go"},"content":{"rendered":"<h2>SG Timer Go: Timer med funktioner<\/h2>\n<p>SG Timer Go har avancerad teknik i en kompakt enhet. Denna timer har samma sensor och igenk\u00e4nningsalgoritmer som f\u00f6reg\u00e5ngaren.<\/p>\n<h2>Huvudfunktioner:<\/h2>\n<ul>\n<li>Bluetooth-anslutning<\/li>\n<li>Kompatibel med \u00f6vningsapp f\u00f6r avancerade funktioner<\/li>\n<li>Uppt\u00e4ckt av torrskjutning med prestanda\u00e5terkoppling<\/li>\n<li>Ekofiltrering f\u00f6r skottdetektering<\/li>\n<li>Inbyggt minne f\u00f6r 1 000 000 skott<\/li>\n<li>Anpassningsbara PAR-tider<\/li>\n<li>Justerbar k\u00e4nslighet f\u00f6r alla kalibrar<\/li>\n<li>Varierbar volymkontroll (5-100)<\/li>\n<li>&#8221;Spionl\u00e4ge&#8221; f\u00f6r synkronisering med andra timers<\/li>\n<\/ul>\n<h2>Design:<\/h2>\n<ul>\n<li>Display p\u00e5 ovansidan f\u00f6r enkel avl\u00e4sning<\/li>\n<li>F\u00f6renklat gr\u00e4nssnitt med tv\u00e5 knappar<\/li>\n<li>Snabbf\u00e4ste f\u00f6r b\u00e4lte<\/li>\n<li>Fickkl\u00e4mma f\u00f6r olika b\u00e4ralternativ<\/li>\n<\/ul>\n<h2>Prestanda:<\/h2>\n<p>Upp till 80 timmars kontinuerlig anv\u00e4ndning p\u00e5 en laddning och USB-C-port f\u00f6r laddning.<\/p>\n<p>SG Timer Go kombinerar enkelhet och avancerade funktioner f\u00f6r skjutning.<\/p>\n","protected":false},"excerpt":{"rendered":"<p>Kompakt smart skjuttimer med Bluetooth, avancerade funktioner och l\u00e5ng batteritid.<\/p>\n","protected":false},"featured_media":73231,"template":"","meta":{"_acf_changed":false},"product_brand":[11810],"product_cat":[13033,13020],"product_tag":[],"class_list":{"0":"post-74379","1":"product","2":"type-product","3":"status-publish","4":"has-post-thumbnail","6":"product_brand-shooters-global","7":"product_cat-skjuttidtagare","8":"product_cat-utrustning","10":"first","11":"outofstock","12":"taxable","13":"shipping-taxable","14":"purchasable","15":"product-type-simple"},"acf":[],"_links":{"self":[{"href":"https:\/\/staging.nbg.eu\/sv\/wp-json\/wp\/v2\/product\/74379","targetHints":{"allow":["GET"]}}],"collection":[{"href":"https:\/\/staging.nbg.eu\/sv\/wp-json\/wp\/v2\/product"}],"about":[{"href":"https:\/\/staging.nbg.eu\/sv\/wp-json\/wp\/v2\/types\/product"}],"wp:featuredmedia":[{"embeddable":true,"href":"https:\/\/staging.nbg.eu\/sv\/wp-json\/wp\/v2\/media\/73231"}],"wp:attachment":[{"href":"https:\/\/staging.nbg.eu\/sv\/wp-json\/wp\/v2\/media?parent=74379"}],"wp:term":[{"taxonomy":"product_brand","embeddable":true,"href":"https:\/\/staging.nbg.eu\/sv\/wp-json\/wp\/v2\/product_brand?post=74379"},{"taxonomy":"product_cat","embeddable":true,"href":"https:\/\/staging.nbg.eu\/sv\/wp-json\/wp\/v2\/product_cat?post=74379"},{"taxonomy":"product_tag","embeddable":true,"href":"https:\/\/staging.nbg.eu\/sv\/wp-json\/wp\/v2\/product_tag?post=74379"}],"curies":[{"name":"wp","href":"https:\/\/api.w.org\/{rel}","templated":true}]}}