{"id":74245,"date":"2024-10-18T20:39:12","date_gmt":"2024-10-18T20:39:12","guid":{"rendered":"https:\/\/staging.nbg.eu\/product\/kmr-gun-oil-20ml\/"},"modified":"2024-10-30T09:00:32","modified_gmt":"2024-10-30T09:00:32","slug":"kmr-vapenolja-20ml","status":"publish","type":"product","link":"https:\/\/staging.nbg.eu\/sv\/produkt\/kmr-vapenolja-20ml\/","title":{"rendered":"KMR VAPENOLJA 20ML"},"content":{"rendered":"<div class=\"product-description\">\n<h2>KMR VAPENOLJA 20ML<\/h2>\n<p>KMR VAPENOLJA 20ML \u00e4r en syntetisk olja f\u00f6r underh\u00e5ll och skydd av skjutvapen. Oljan \u00e4r formulerad f\u00f6r att minska friktion och slitage, vilket s\u00e4kerst\u00e4ller att skjutvapen fungerar smidigt.<\/p>\n<ul>\n<li>Syntetisk formel<\/li>\n<li>Minskar friktion och slitage<\/li>\n<li>F\u00f6rl\u00e4nger vapnets livsl\u00e4ngd<\/li>\n<li>F\u00f6rb\u00e4ttrar prestanda<\/li>\n<li>L\u00e4mplig f\u00f6r alla typer av skjutvapen<\/li>\n<\/ul>\n<p>KMR VAPENOLJA kommer i en 20ml f\u00f6rpackning, vilket g\u00f6r den enkel att anv\u00e4nda och b\u00e4ra med sig. Denna flaska s\u00e4kerst\u00e4ller att du alltid har r\u00e4tt m\u00e4ngd olja tillg\u00e4nglig f\u00f6r snabbt underh\u00e5ll.<\/p>\n<p>Skydda din investering och h\u00e5ll dina skjutvapen i gott skick med KMR VAPENOLJA 20ML.<\/p>\n<\/div>\n","protected":false},"excerpt":{"rendered":"<p>Speciell KMR syntetisk vapenolja f\u00f6r att minska friktion och slitage.<\/p>\n","protected":false},"featured_media":72883,"template":"","meta":{"_acf_changed":false},"product_brand":[11511],"product_cat":[13022,13034],"product_tag":[],"class_list":{"0":"post-74245","1":"product","2":"type-product","3":"status-publish","4":"has-post-thumbnail","6":"product_brand-kmr-precision","7":"product_cat-smoerjmedel","8":"product_cat-vapenrengoering","10":"first","11":"instock","12":"taxable","13":"shipping-taxable","14":"purchasable","15":"product-type-simple"},"acf":[],"_links":{"self":[{"href":"https:\/\/staging.nbg.eu\/sv\/wp-json\/wp\/v2\/product\/74245","targetHints":{"allow":["GET"]}}],"collection":[{"href":"https:\/\/staging.nbg.eu\/sv\/wp-json\/wp\/v2\/product"}],"about":[{"href":"https:\/\/staging.nbg.eu\/sv\/wp-json\/wp\/v2\/types\/product"}],"wp:featuredmedia":[{"embeddable":true,"href":"https:\/\/staging.nbg.eu\/sv\/wp-json\/wp\/v2\/media\/72883"}],"wp:attachment":[{"href":"https:\/\/staging.nbg.eu\/sv\/wp-json\/wp\/v2\/media?parent=74245"}],"wp:term":[{"taxonomy":"product_brand","embeddable":true,"href":"https:\/\/staging.nbg.eu\/sv\/wp-json\/wp\/v2\/product_brand?post=74245"},{"taxonomy":"product_cat","embeddable":true,"href":"https:\/\/staging.nbg.eu\/sv\/wp-json\/wp\/v2\/product_cat?post=74245"},{"taxonomy":"product_tag","embeddable":true,"href":"https:\/\/staging.nbg.eu\/sv\/wp-json\/wp\/v2\/product_tag?post=74245"}],"curies":[{"name":"wp","href":"https:\/\/api.w.org\/{rel}","templated":true}]}}