{"id":74223,"date":"2024-10-18T20:28:40","date_gmt":"2024-10-30T08:49:02","guid":{"rendered":"https:\/\/staging.nbg.eu\/product\/extractor-l-02-40sw-kmr\/"},"modified":"2024-10-30T08:50:24","modified_gmt":"2024-10-30T08:50:24","slug":"utdragare-l-02-40sw-kmr","status":"publish","type":"product","link":"https:\/\/staging.nbg.eu\/sv\/produkt\/utdragare-l-02-40sw-kmr\/","title":{"rendered":"Utdragare L-02 .40SW &#8211; KMR"},"content":{"rendered":"<div class=\"product-description\">\n<h2>Utkastare L-02 .40SW &#8211; KMR<\/h2>\n<p>Denna utkastare \u00e4r designad f\u00f6r KMR L-02 pistol i kaliber .40 S&amp;W. Den \u00e4r tillverkad f\u00f6r att s\u00e4kerst\u00e4lla p\u00e5litlig utdragning och funktion. Gjord av h\u00e5llbara material f\u00f6r att t\u00e5la frekvent anv\u00e4ndning och bibeh\u00e5lla funktionalitet. Denna komponent kan f\u00f6rb\u00e4ttra vapnets prestanda.<\/p>\n<\/div>\n","protected":false},"excerpt":{"rendered":"<p>Precisionextractor f\u00f6r 40 S&amp;W till KMR L-02-pistol.<\/p>\n","protected":false},"featured_media":72602,"template":"","meta":{"_acf_changed":false},"product_brand":[],"product_cat":[13005],"product_tag":[],"class_list":{"0":"post-74223","1":"product","2":"type-product","3":"status-publish","4":"has-post-thumbnail","6":"product_cat-kmr-delar","8":"first","9":"instock","10":"taxable","11":"shipping-taxable","12":"purchasable","13":"product-type-simple"},"acf":[],"_links":{"self":[{"href":"https:\/\/staging.nbg.eu\/sv\/wp-json\/wp\/v2\/product\/74223","targetHints":{"allow":["GET"]}}],"collection":[{"href":"https:\/\/staging.nbg.eu\/sv\/wp-json\/wp\/v2\/product"}],"about":[{"href":"https:\/\/staging.nbg.eu\/sv\/wp-json\/wp\/v2\/types\/product"}],"wp:featuredmedia":[{"embeddable":true,"href":"https:\/\/staging.nbg.eu\/sv\/wp-json\/wp\/v2\/media\/72602"}],"wp:attachment":[{"href":"https:\/\/staging.nbg.eu\/sv\/wp-json\/wp\/v2\/media?parent=74223"}],"wp:term":[{"taxonomy":"product_brand","embeddable":true,"href":"https:\/\/staging.nbg.eu\/sv\/wp-json\/wp\/v2\/product_brand?post=74223"},{"taxonomy":"product_cat","embeddable":true,"href":"https:\/\/staging.nbg.eu\/sv\/wp-json\/wp\/v2\/product_cat?post=74223"},{"taxonomy":"product_tag","embeddable":true,"href":"https:\/\/staging.nbg.eu\/sv\/wp-json\/wp\/v2\/product_tag?post=74223"}],"curies":[{"name":"wp","href":"https:\/\/api.w.org\/{rel}","templated":true}]}}