{"id":74179,"date":"2024-10-18T20:15:25","date_gmt":"2024-10-30T08:39:49","guid":{"rendered":"https:\/\/staging.nbg.eu\/product\/nitehog-sight-spot-hog-red-dot\/"},"modified":"2024-10-30T08:41:15","modified_gmt":"2024-10-30T08:41:15","slug":"nitehog-sight-spot-hog-roedpunkt","status":"publish","type":"product","link":"https:\/\/staging.nbg.eu\/sv\/produkt\/nitehog-sight-spot-hog-roedpunkt\/","title":{"rendered":"NiteHog Sight Spot Hog R\u00f6dpunkt"},"content":{"rendered":"<div class=\"product-description\">\n<h2>NiteHog Sight Spot Hog R\u00f6dpunktsikte<\/h2>\n<p>Spot Hog R\u00f6dpunktsikte \u00e4r ett 1x17x24 optik som erbjuder en parallaxfri vy. Det har en 3MOA prick med 8 ljusstyrkeniv\u00e5er och 2 m\u00f6rkerseendeinst\u00e4llningar.<\/p>\n<ul>\n<li>St\u00f6tt\u00e5lig och vattent\u00e4t (IPX6)<\/li>\n<li>Kompatibel med 9mm, 45ACP, 12GA och Lapua Magnum 338 ammunition<\/li>\n<li>Smal, l\u00e5gprofil design<\/li>\n<li>Automatisk avst\u00e4ngning efter 2 minuters inaktivitet<\/li>\n<li>50 000 timmars batteritid p\u00e5 l\u00e4gsta inst\u00e4llningen (CR2032-batteri, ing\u00e5r ej)<\/li>\n<li>Weaver-f\u00e4ste f\u00f6r installation<\/li>\n<\/ul>\n<p>Spot Hog \u00e4r kompakt och p\u00e5litlig.<\/p>\n<\/div>\n","protected":false},"excerpt":{"rendered":"<p>H\u00e5llbart, parallaxfritt 1x17x24 r\u00f6dpunktsikte med 8 intensitetsniv\u00e5er.<\/p>\n","protected":false},"featured_media":72555,"template":"","meta":{"_acf_changed":false},"product_brand":[11590],"product_cat":[13063,13030,13029],"product_tag":[],"class_list":{"0":"post-74179","1":"product","2":"type-product","3":"status-publish","4":"has-post-thumbnail","6":"product_brand-nitehog","7":"product_cat-gevaerssikten","8":"product_cat-roedpunktsikten","9":"product_cat-siktning","11":"first","12":"instock","13":"taxable","14":"shipping-taxable","15":"purchasable","16":"product-type-simple"},"acf":[],"_links":{"self":[{"href":"https:\/\/staging.nbg.eu\/sv\/wp-json\/wp\/v2\/product\/74179","targetHints":{"allow":["GET"]}}],"collection":[{"href":"https:\/\/staging.nbg.eu\/sv\/wp-json\/wp\/v2\/product"}],"about":[{"href":"https:\/\/staging.nbg.eu\/sv\/wp-json\/wp\/v2\/types\/product"}],"wp:featuredmedia":[{"embeddable":true,"href":"https:\/\/staging.nbg.eu\/sv\/wp-json\/wp\/v2\/media\/72555"}],"wp:attachment":[{"href":"https:\/\/staging.nbg.eu\/sv\/wp-json\/wp\/v2\/media?parent=74179"}],"wp:term":[{"taxonomy":"product_brand","embeddable":true,"href":"https:\/\/staging.nbg.eu\/sv\/wp-json\/wp\/v2\/product_brand?post=74179"},{"taxonomy":"product_cat","embeddable":true,"href":"https:\/\/staging.nbg.eu\/sv\/wp-json\/wp\/v2\/product_cat?post=74179"},{"taxonomy":"product_tag","embeddable":true,"href":"https:\/\/staging.nbg.eu\/sv\/wp-json\/wp\/v2\/product_tag?post=74179"}],"curies":[{"name":"wp","href":"https:\/\/api.w.org\/{rel}","templated":true}]}}