{"id":74111,"date":"2024-10-18T19:05:21","date_gmt":"2024-10-29T10:04:38","guid":{"rendered":"https:\/\/staging.nbg.eu\/product\/casio-prg-340t-7er\/"},"modified":"2024-10-29T10:06:01","modified_gmt":"2024-10-29T10:06:01","slug":"casio-prg-340t-7er","status":"publish","type":"product","link":"https:\/\/staging.nbg.eu\/sv\/produkt\/casio-prg-340t-7er\/","title":{"rendered":"Casio PRG-340T-7ER"},"content":{"rendered":"<h2>Casio PRG-340T-7ER<\/h2>\n<p>Casio PRG-340T-7ER \u00e4r en klocka f\u00f6r utomhusbruk. Den har f\u00f6ljande funktioner:<\/p>\n<ul>\n<li>Digital kompass<\/li>\n<li>H\u00f6jdm\u00e4tare och barometer<\/li>\n<li>Termometer<\/li>\n<li>Duplex LCD-sk\u00e4rm<\/li>\n<li>Tillverkad av bioplast<\/li>\n<li>Direktfunktionsknappar<\/li>\n<li>Soldriven<\/li>\n<li>Belysning f\u00f6r m\u00f6rka f\u00f6rh\u00e5llanden<\/li>\n<\/ul>\n<p>Klockan har 10 bars vattent\u00e5lighet, motst\u00e5ndskraft mot l\u00e5ga temperaturer, v\u00e4rldstidsfunktion och visning av soluppg\u00e5ng\/solnedg\u00e5ng.<\/p>\n","protected":false},"excerpt":{"rendered":"<p>Robust utomhusklocka med kompass, h\u00f6jdm\u00e4tare och milj\u00f6v\u00e4nlig design.<\/p>\n","protected":false},"featured_media":71766,"template":"","meta":{"_acf_changed":false},"product_brand":[11207],"product_cat":[13043,13019],"product_tag":[],"class_list":{"0":"post-74111","1":"product","2":"type-product","3":"status-publish","4":"has-post-thumbnail","6":"product_brand-casio","7":"product_cat-edc","8":"product_cat-klockor","10":"first","11":"instock","12":"taxable","13":"shipping-taxable","14":"purchasable","15":"product-type-simple"},"acf":[],"_links":{"self":[{"href":"https:\/\/staging.nbg.eu\/sv\/wp-json\/wp\/v2\/product\/74111","targetHints":{"allow":["GET"]}}],"collection":[{"href":"https:\/\/staging.nbg.eu\/sv\/wp-json\/wp\/v2\/product"}],"about":[{"href":"https:\/\/staging.nbg.eu\/sv\/wp-json\/wp\/v2\/types\/product"}],"wp:featuredmedia":[{"embeddable":true,"href":"https:\/\/staging.nbg.eu\/sv\/wp-json\/wp\/v2\/media\/71766"}],"wp:attachment":[{"href":"https:\/\/staging.nbg.eu\/sv\/wp-json\/wp\/v2\/media?parent=74111"}],"wp:term":[{"taxonomy":"product_brand","embeddable":true,"href":"https:\/\/staging.nbg.eu\/sv\/wp-json\/wp\/v2\/product_brand?post=74111"},{"taxonomy":"product_cat","embeddable":true,"href":"https:\/\/staging.nbg.eu\/sv\/wp-json\/wp\/v2\/product_cat?post=74111"},{"taxonomy":"product_tag","embeddable":true,"href":"https:\/\/staging.nbg.eu\/sv\/wp-json\/wp\/v2\/product_tag?post=74111"}],"curies":[{"name":"wp","href":"https:\/\/api.w.org\/{rel}","templated":true}]}}