{"id":74089,"date":"2024-10-18T18:54:11","date_gmt":"2024-10-29T10:02:42","guid":{"rendered":"https:\/\/staging.nbg.eu\/product\/casio-prg-270-1er\/"},"modified":"2024-10-29T10:04:04","modified_gmt":"2024-10-29T10:04:04","slug":"casio-prg-270-1er","status":"publish","type":"product","link":"https:\/\/staging.nbg.eu\/sv\/produkt\/casio-prg-270-1er\/","title":{"rendered":"Casio PRG-270-1ER"},"content":{"rendered":"<div class=\"product-description\">\n<h2>Casio PRG-270-1ER: Utomhusklocka<\/h2>\n<p>Casio PRG-270-1ER \u00e4r en PRO TREK-modell med Triple Sensor Version 3. Den ger h\u00f6jd-, lufttryck- och riktningsavl\u00e4sningar.<\/p>\n<ul>\n<li>Solcellsdriven<\/li>\n<li>Trippelsensor: Kompass, Barometer\/Termometer, H\u00f6jdm\u00e4tare<\/li>\n<li>T\u00e5l l\u00e5ga temperaturer (-10\u00baC)<\/li>\n<li>100 meters vattent\u00e4thet<\/li>\n<li>Lufttryckstendenslarm<\/li>\n<li>Stora sidoknappar<\/li>\n<li>Visning av soluppg\u00e5ng\/solnedg\u00e5ng<\/li>\n<li>Automatisk belysning i m\u00f6rker<\/li>\n<\/ul>\n<p>Klockan \u00e4r utformad f\u00f6r utomhusaktiviteter och \u00e4r l\u00e4mplig f\u00f6r \u00e4ventyr.<\/p>\n<\/div>\n","protected":false},"excerpt":{"rendered":"<p>Robust utomhusklocka med Triple Sensor och Tough Solar-str\u00f6mf\u00f6rs\u00f6rjning.<\/p>\n","protected":false},"featured_media":71535,"template":"","meta":{"_acf_changed":false},"product_brand":[11207],"product_cat":[13043,13019],"product_tag":[],"class_list":{"0":"post-74089","1":"product","2":"type-product","3":"status-publish","4":"has-post-thumbnail","6":"product_brand-casio","7":"product_cat-edc","8":"product_cat-klockor","10":"first","11":"instock","12":"taxable","13":"shipping-taxable","14":"purchasable","15":"product-type-simple"},"acf":[],"_links":{"self":[{"href":"https:\/\/staging.nbg.eu\/sv\/wp-json\/wp\/v2\/product\/74089","targetHints":{"allow":["GET"]}}],"collection":[{"href":"https:\/\/staging.nbg.eu\/sv\/wp-json\/wp\/v2\/product"}],"about":[{"href":"https:\/\/staging.nbg.eu\/sv\/wp-json\/wp\/v2\/types\/product"}],"wp:featuredmedia":[{"embeddable":true,"href":"https:\/\/staging.nbg.eu\/sv\/wp-json\/wp\/v2\/media\/71535"}],"wp:attachment":[{"href":"https:\/\/staging.nbg.eu\/sv\/wp-json\/wp\/v2\/media?parent=74089"}],"wp:term":[{"taxonomy":"product_brand","embeddable":true,"href":"https:\/\/staging.nbg.eu\/sv\/wp-json\/wp\/v2\/product_brand?post=74089"},{"taxonomy":"product_cat","embeddable":true,"href":"https:\/\/staging.nbg.eu\/sv\/wp-json\/wp\/v2\/product_cat?post=74089"},{"taxonomy":"product_tag","embeddable":true,"href":"https:\/\/staging.nbg.eu\/sv\/wp-json\/wp\/v2\/product_tag?post=74089"}],"curies":[{"name":"wp","href":"https:\/\/api.w.org\/{rel}","templated":true}]}}