{"id":74041,"date":"2024-10-16T20:26:30","date_gmt":"2024-10-25T14:30:26","guid":{"rendered":"https:\/\/staging.nbg.eu\/product\/casio-gbdh2000-1aer\/"},"modified":"2024-10-25T14:31:43","modified_gmt":"2024-10-25T14:31:43","slug":"casio-gbdh2000-1aer","status":"publish","type":"product","link":"https:\/\/staging.nbg.eu\/sv\/produkt\/casio-gbdh2000-1aer\/","title":{"rendered":"Casio GBDH2000-1AER"},"content":{"rendered":"<h2>Casio GBDH2000-1AER: Tr\u00e4ningsklocka<\/h2>\n<p>Casio GBDH2000-1AER har 6 sensorer och GPS-funktion. Klockan \u00f6vervakar fysisk aktivitet i realtid f\u00f6r 8 olika sporter, inklusive l\u00f6pning, cykling och simning.<\/p>\n<ul>\n<li>M\u00e4ter avst\u00e5nd, hastighet, tid, tempo, puls och f\u00f6rbr\u00e4nda kalorier<\/li>\n<li>M\u00e4ter syrem\u00e4ttnad i blodet<\/li>\n<li>Tv\u00e5lagersram f\u00f6r bekv\u00e4mlighet och enkel anv\u00e4ndning<\/li>\n<li>Solcellsassisterad laddning f\u00f6r l\u00e4ngre batteritid<\/li>\n<li>Smarta funktioner inkluderar notiser och v\u00e4rldstid f\u00f6r 300 st\u00e4der<\/li>\n<\/ul>\n<p>GBDH2000-1AER \u00e4r tillverkad av milj\u00f6v\u00e4nlig bioplast. Klockan kombinerar teknologi med milj\u00f6medvetenhet. Den passar f\u00f6r b\u00e5de erfarna idrottare och motion\u00e4rer.<\/p>\n","protected":false},"excerpt":{"rendered":"<p>GPS-aktiverad sportklocka med 6 sensorer som sp\u00e5rar 8 olika aktiviteter.<\/p>\n","protected":false},"featured_media":71419,"template":"","meta":{"_acf_changed":false},"product_brand":[11207],"product_cat":[13043,13019],"product_tag":[],"class_list":{"0":"post-74041","1":"product","2":"type-product","3":"status-publish","4":"has-post-thumbnail","6":"product_brand-casio","7":"product_cat-edc","8":"product_cat-klockor","10":"first","11":"instock","12":"taxable","13":"shipping-taxable","14":"purchasable","15":"product-type-simple"},"acf":[],"_links":{"self":[{"href":"https:\/\/staging.nbg.eu\/sv\/wp-json\/wp\/v2\/product\/74041","targetHints":{"allow":["GET"]}}],"collection":[{"href":"https:\/\/staging.nbg.eu\/sv\/wp-json\/wp\/v2\/product"}],"about":[{"href":"https:\/\/staging.nbg.eu\/sv\/wp-json\/wp\/v2\/types\/product"}],"wp:featuredmedia":[{"embeddable":true,"href":"https:\/\/staging.nbg.eu\/sv\/wp-json\/wp\/v2\/media\/71419"}],"wp:attachment":[{"href":"https:\/\/staging.nbg.eu\/sv\/wp-json\/wp\/v2\/media?parent=74041"}],"wp:term":[{"taxonomy":"product_brand","embeddable":true,"href":"https:\/\/staging.nbg.eu\/sv\/wp-json\/wp\/v2\/product_brand?post=74041"},{"taxonomy":"product_cat","embeddable":true,"href":"https:\/\/staging.nbg.eu\/sv\/wp-json\/wp\/v2\/product_cat?post=74041"},{"taxonomy":"product_tag","embeddable":true,"href":"https:\/\/staging.nbg.eu\/sv\/wp-json\/wp\/v2\/product_tag?post=74041"}],"curies":[{"name":"wp","href":"https:\/\/api.w.org\/{rel}","templated":true}]}}