{"id":74019,"date":"2024-01-30T18:02:27","date_gmt":"2024-01-30T18:02:27","guid":{"rendered":"https:\/\/staging.nbg.eu\/product\/holosun-hs403b\/"},"modified":"2024-10-25T14:26:42","modified_gmt":"2024-10-25T14:26:42","slug":"holosun-hs403b","status":"publish","type":"product","link":"https:\/\/staging.nbg.eu\/sv\/produkt\/holosun-hs403b\/","title":{"rendered":"Holosun HS403B"},"content":{"rendered":"<div class=\"product-description\">\n<h2>Holosun HS403B Mikro R\u00f6dpunktsikte<\/h2>\n<p>Holosun HS403B \u00e4r ett 20mm mikrosikte f\u00f6r gev\u00e4r och karbiner. Egenskaper:<\/p>\n<ul>\n<li>R\u00f6d LED med 50 000 timmars batteritid<\/li>\n<li>10 dagsljus- och 2 nattseendeinst\u00e4llningar f\u00f6r riktmedel<\/li>\n<li>H\u00f6lje i 6061 aluminium<\/li>\n<li>Medf\u00f6ljande f\u00e4ste f\u00f6r nedre 1\/3 co-witness (1,63&#8243;) och l\u00e5gt f\u00e4ste (0,75&#8243;)<\/li>\n<li>Shake Awake-teknik f\u00f6r f\u00f6rl\u00e4ngd batteritid<\/li>\n<li>Digitala knappar f\u00f6r justeringar<\/li>\n<li>Gummilinsskydd<\/li>\n<li>Sidmonterat 2032-batterifack f\u00f6r enkla byten<\/li>\n<\/ul>\n<p>HS403B passar f\u00f6r skyttar p\u00e5 alla niv\u00e5er. Vattent\u00e4t enligt IP67-standard och t\u00e5l 1000G vibrationer.<\/p>\n<\/div>\n","protected":false},"excerpt":{"rendered":"<p>Kompakt 20mm r\u00f6dpunktsikte med 50 000 timmars batteritid och flexibla monteringsalternativ.<\/p>\n","protected":false},"featured_media":72277,"template":"","meta":{"_acf_changed":false},"product_brand":[11437],"product_cat":[13063,13030,13029],"product_tag":[],"class_list":{"0":"post-74019","1":"product","2":"type-product","3":"status-publish","4":"has-post-thumbnail","6":"product_brand-holosun","7":"product_cat-gevaerssikten","8":"product_cat-roedpunktsikten","9":"product_cat-siktning","11":"first","12":"instock","13":"taxable","14":"shipping-taxable","15":"purchasable","16":"product-type-simple"},"acf":[],"_links":{"self":[{"href":"https:\/\/staging.nbg.eu\/sv\/wp-json\/wp\/v2\/product\/74019","targetHints":{"allow":["GET"]}}],"collection":[{"href":"https:\/\/staging.nbg.eu\/sv\/wp-json\/wp\/v2\/product"}],"about":[{"href":"https:\/\/staging.nbg.eu\/sv\/wp-json\/wp\/v2\/types\/product"}],"wp:featuredmedia":[{"embeddable":true,"href":"https:\/\/staging.nbg.eu\/sv\/wp-json\/wp\/v2\/media\/72277"}],"wp:attachment":[{"href":"https:\/\/staging.nbg.eu\/sv\/wp-json\/wp\/v2\/media?parent=74019"}],"wp:term":[{"taxonomy":"product_brand","embeddable":true,"href":"https:\/\/staging.nbg.eu\/sv\/wp-json\/wp\/v2\/product_brand?post=74019"},{"taxonomy":"product_cat","embeddable":true,"href":"https:\/\/staging.nbg.eu\/sv\/wp-json\/wp\/v2\/product_cat?post=74019"},{"taxonomy":"product_tag","embeddable":true,"href":"https:\/\/staging.nbg.eu\/sv\/wp-json\/wp\/v2\/product_tag?post=74019"}],"curies":[{"name":"wp","href":"https:\/\/api.w.org\/{rel}","templated":true}]}}