{"id":73953,"date":"2024-08-16T18:08:29","date_gmt":"2024-08-16T18:08:29","guid":{"rendered":"https:\/\/staging.nbg.eu\/product\/calypso-mini-mini-applied-ballistics-compatible\/"},"modified":"2024-10-25T07:35:32","modified_gmt":"2024-10-25T07:35:32","slug":"calypso-mini-mini-kompatibel-med-applied-ballistics","status":"publish","type":"product","link":"https:\/\/staging.nbg.eu\/sv\/produkt\/calypso-mini-mini-kompatibel-med-applied-ballistics\/","title":{"rendered":"Calypso Mini &#8211; Mini Kompatibel med Applied Ballistics"},"content":{"rendered":"<h2>Calypso Mini &#8211; Mini Kompatibel med Applied Ballistics<\/h2>\n<p>Calypso Mini \u00e4r en kompakt ultraljudsanemometer och vindfl\u00f6jel. Den m\u00e4ter 43mm i diameter och har avancerade funktioner och robust design.<\/p>\n<h3>Huvudfunktioner:<\/h3>\n<ul>\n<li>Ultraljudssensorer f\u00f6r m\u00e4tning av vindhastighet och -riktning<\/li>\n<li>Bluetooth 5.1-anslutning med upp till 30m r\u00e4ckvidd<\/li>\n<li>Tr\u00e5dl\u00f6s QI-laddning med 150 timmars batteritid<\/li>\n<li>IPX8 vattent\u00e5lighetsklassning<\/li>\n<li>Kompatibel med Android, iOS och Garmin-enheter<\/li>\n<li>1\/4&#8243; honkoppling f\u00f6r stativmontering<\/li>\n<li>Vikt p\u00e5 78 gram<\/li>\n<\/ul>\n<p>Calypso Mini erbjuder vindm\u00e4tningar med hastighetsintervall p\u00e5 0,5-25 m\/s och riktningsnoggrannhet p\u00e5 \u00b11\u00b0. Den har inga r\u00f6rliga delar, vilket \u00f6kar tillf\u00f6rlitligheten under olika f\u00f6rh\u00e5llanden. Den kan paras ihop med gratisappen Anemotracker f\u00f6r dataloggning och realtidsinformation om vinden.<\/p>\n<p>Calypso Mini \u00e4r en kompakt l\u00f6sning f\u00f6r vindm\u00e4tning som kan anv\u00e4ndas av b\u00e5tentusiaster, friluftsut\u00f6vare och professionella meteorologer.<\/p>\n","protected":false},"excerpt":{"rendered":"<p>Kompakt ultraljudsanemometer med Bluetooth f\u00f6r exakta vinddata.<\/p>\n","protected":false},"featured_media":23284,"template":"","meta":{"_acf_changed":false},"product_brand":[11183],"product_cat":[13069,12995,13056],"product_tag":[],"class_list":{"0":"post-73953","1":"product","2":"type-product","3":"status-publish","4":"has-post-thumbnail","6":"product_brand-calypso","7":"product_cat-okategoriserad","8":"product_cat-vaedermaetare","9":"product_cat-verktyg","11":"first","12":"instock","13":"taxable","14":"shipping-taxable","15":"purchasable","16":"product-type-simple"},"acf":[],"_links":{"self":[{"href":"https:\/\/staging.nbg.eu\/sv\/wp-json\/wp\/v2\/product\/73953","targetHints":{"allow":["GET"]}}],"collection":[{"href":"https:\/\/staging.nbg.eu\/sv\/wp-json\/wp\/v2\/product"}],"about":[{"href":"https:\/\/staging.nbg.eu\/sv\/wp-json\/wp\/v2\/types\/product"}],"wp:featuredmedia":[{"embeddable":true,"href":"https:\/\/staging.nbg.eu\/sv\/wp-json\/wp\/v2\/media\/23284"}],"wp:attachment":[{"href":"https:\/\/staging.nbg.eu\/sv\/wp-json\/wp\/v2\/media?parent=73953"}],"wp:term":[{"taxonomy":"product_brand","embeddable":true,"href":"https:\/\/staging.nbg.eu\/sv\/wp-json\/wp\/v2\/product_brand?post=73953"},{"taxonomy":"product_cat","embeddable":true,"href":"https:\/\/staging.nbg.eu\/sv\/wp-json\/wp\/v2\/product_cat?post=73953"},{"taxonomy":"product_tag","embeddable":true,"href":"https:\/\/staging.nbg.eu\/sv\/wp-json\/wp\/v2\/product_tag?post=73953"}],"curies":[{"name":"wp","href":"https:\/\/api.w.org\/{rel}","templated":true}]}}