{"id":73744,"date":"2024-10-16T19:50:15","date_gmt":"2024-10-21T08:20:35","guid":{"rendered":"https:\/\/staging.nbg.eu\/product\/casio-gba-800-1aer\/"},"modified":"2024-10-21T08:21:55","modified_gmt":"2024-10-21T08:21:55","slug":"casio-gba-800-1aer","status":"publish","type":"product","link":"https:\/\/staging.nbg.eu\/sv\/produkt\/casio-gba-800-1aer\/","title":{"rendered":"Casio GBA-800-1AER"},"content":{"rendered":"<h2>Casio GBA-800-1AER G-SQUAD Klocka<\/h2>\n<p>Casio GBA-800-1AER G-SQUAD \u00e4r en sportklocka f\u00f6r stadsmilj\u00f6. Den kombinerar G-SHOCKs h\u00e5llbarhet med funktioner f\u00f6r tr\u00e4nings\u00f6vervakning.<\/p>\n<ul>\n<li>Bluetooth-anslutning f\u00f6r integration med CASIO WATCHES-appen<\/li>\n<li>3-axlad accelerometer f\u00f6r stegr\u00e4kning<\/li>\n<li>Anpassningsbara nedr\u00e4kningstimers och 200-varvs minne<\/li>\n<li>Stegr\u00e4kningslogg med fem intensitetsniv\u00e5er<\/li>\n<li>Kaloriber\u00e4kning och stegm\u00e5lsinst\u00e4llning<\/li>\n<li>Automatisk tidsjustering och v\u00e4rldstid f\u00f6r 300 st\u00e4der<\/li>\n<li>Super Illuminator dubbel LED-belysning f\u00f6r synlighet i svagt ljus<\/li>\n<\/ul>\n<p>GBA-800-1AER har ett mjukt uretanband med f\u00f6rb\u00e4ttrad passform och justerbarhet. Dess kompakta h\u00f6lje passar f\u00f6r sport och vardagsanv\u00e4ndning.<\/p>\n","protected":false},"excerpt":{"rendered":"<p>Sportig smartklocka med stegr\u00e4knare och appsynkronisering.<\/p>\n","protected":false},"featured_media":71115,"template":"","meta":{"_acf_changed":false},"product_brand":[11207],"product_cat":[13043,13019],"product_tag":[],"class_list":{"0":"post-73744","1":"product","2":"type-product","3":"status-publish","4":"has-post-thumbnail","6":"product_brand-casio","7":"product_cat-edc","8":"product_cat-klockor","10":"first","11":"instock","12":"taxable","13":"shipping-taxable","14":"purchasable","15":"product-type-simple"},"acf":[],"_links":{"self":[{"href":"https:\/\/staging.nbg.eu\/sv\/wp-json\/wp\/v2\/product\/73744","targetHints":{"allow":["GET"]}}],"collection":[{"href":"https:\/\/staging.nbg.eu\/sv\/wp-json\/wp\/v2\/product"}],"about":[{"href":"https:\/\/staging.nbg.eu\/sv\/wp-json\/wp\/v2\/types\/product"}],"wp:featuredmedia":[{"embeddable":true,"href":"https:\/\/staging.nbg.eu\/sv\/wp-json\/wp\/v2\/media\/71115"}],"wp:attachment":[{"href":"https:\/\/staging.nbg.eu\/sv\/wp-json\/wp\/v2\/media?parent=73744"}],"wp:term":[{"taxonomy":"product_brand","embeddable":true,"href":"https:\/\/staging.nbg.eu\/sv\/wp-json\/wp\/v2\/product_brand?post=73744"},{"taxonomy":"product_cat","embeddable":true,"href":"https:\/\/staging.nbg.eu\/sv\/wp-json\/wp\/v2\/product_cat?post=73744"},{"taxonomy":"product_tag","embeddable":true,"href":"https:\/\/staging.nbg.eu\/sv\/wp-json\/wp\/v2\/product_tag?post=73744"}],"curies":[{"name":"wp","href":"https:\/\/api.w.org\/{rel}","templated":true}]}}