{"id":73722,"date":"2024-10-16T19:57:17","date_gmt":"2024-10-21T08:18:46","guid":{"rendered":"https:\/\/staging.nbg.eu\/product\/casio-gbd-800-1ber\/"},"modified":"2024-10-21T08:20:09","modified_gmt":"2024-10-21T08:20:09","slug":"casio-gbd-800-1ber","status":"publish","type":"product","link":"https:\/\/staging.nbg.eu\/sv\/produkt\/casio-gbd-800-1ber\/","title":{"rendered":"Casio GBD-800-1BER"},"content":{"rendered":"<h2>Casio GBD-800-1BER G-SQUAD Sportklocka<\/h2>\n<p>Casio GBD-800-1BER \u00e4r en G-SQUAD sportklocka f\u00f6r atleter och vardagsbruk. Denna svarta klocka har:<\/p>\n<ul>\n<li>Digital display med flera segment f\u00f6r b\u00e4ttre l\u00e4sbarhet<\/li>\n<li>Bluetooth-anslutning med CASIO WATCHES-appen<\/li>\n<li>3-axlig accelerometer f\u00f6r stegr\u00e4kning<\/li>\n<li>Multi-Timer med upp till 20 timerkombinationer<\/li>\n<li>200-varvs minne f\u00f6r tr\u00e4ningssp\u00e5rning<\/li>\n<li>Automatiskt LED-ljus f\u00f6r synlighet i m\u00f6rker<\/li>\n<li>Justerbart band och bakre vingar f\u00f6r bekv\u00e4m passform<\/li>\n<\/ul>\n<p>GBD-800-1BER har en robust konstruktion och avancerade tr\u00e4ningsfunktioner. Klockan hj\u00e4lper dig att h\u00e5lla koll p\u00e5 dina tr\u00e4ningsresultat b\u00e5de i gymmet och utomhus.<\/p>\n","protected":false},"excerpt":{"rendered":"<p>Snygg G-SHOCK sportklocka med stegr\u00e4knare och anslutning till mobilapp.<\/p>\n","protected":false},"featured_media":100965,"template":"","meta":{"_acf_changed":false},"product_brand":[11207],"product_cat":[13043,13019],"product_tag":[],"class_list":{"0":"post-73722","1":"product","2":"type-product","3":"status-publish","4":"has-post-thumbnail","6":"product_brand-casio","7":"product_cat-edc","8":"product_cat-klockor","10":"first","11":"instock","12":"taxable","13":"shipping-taxable","14":"purchasable","15":"product-type-simple"},"acf":[],"_links":{"self":[{"href":"https:\/\/staging.nbg.eu\/sv\/wp-json\/wp\/v2\/product\/73722","targetHints":{"allow":["GET"]}}],"collection":[{"href":"https:\/\/staging.nbg.eu\/sv\/wp-json\/wp\/v2\/product"}],"about":[{"href":"https:\/\/staging.nbg.eu\/sv\/wp-json\/wp\/v2\/types\/product"}],"wp:featuredmedia":[{"embeddable":true,"href":"https:\/\/staging.nbg.eu\/sv\/wp-json\/wp\/v2\/media\/100965"}],"wp:attachment":[{"href":"https:\/\/staging.nbg.eu\/sv\/wp-json\/wp\/v2\/media?parent=73722"}],"wp:term":[{"taxonomy":"product_brand","embeddable":true,"href":"https:\/\/staging.nbg.eu\/sv\/wp-json\/wp\/v2\/product_brand?post=73722"},{"taxonomy":"product_cat","embeddable":true,"href":"https:\/\/staging.nbg.eu\/sv\/wp-json\/wp\/v2\/product_cat?post=73722"},{"taxonomy":"product_tag","embeddable":true,"href":"https:\/\/staging.nbg.eu\/sv\/wp-json\/wp\/v2\/product_tag?post=73722"}],"curies":[{"name":"wp","href":"https:\/\/api.w.org\/{rel}","templated":true}]}}