{"id":71046,"date":"2024-01-21T15:18:33","date_gmt":"2024-01-21T15:18:33","guid":{"rendered":"https:\/\/staging.nbg.eu\/product\/surefire-123a-batteries\/"},"modified":"2025-02-04T10:28:17","modified_gmt":"2025-02-04T10:28:17","slug":"surefire-123a-batterier","status":"publish","type":"product","link":"https:\/\/staging.nbg.eu\/sv\/produkt\/surefire-123a-batterier\/","title":{"rendered":"SureFire 123A BATTERIER"},"content":{"rendered":"<div class=\"product-description\">\n<h2>SureFire SF72-BB (123A BATTERI)<\/h2>\n<p>SureFires 123A litiumbatteri presterar b\u00e4ttre \u00e4n alkaliska alternativ. Dessa batterier har:<\/p>\n<ul>\n<li>10 \u00e5rs h\u00e5llbarhet<\/li>\n<li>3V sp\u00e4nning och 1 550 mAh kapacitet<\/li>\n<li>L\u00e5g vikt p\u00e5 17 gram<\/li>\n<li>Anpassade f\u00f6r SureFire ficklampor<\/li>\n<\/ul>\n<p>SureFires batterier \u00e4r redo n\u00e4r du beh\u00f6ver dem. De \u00e4r l\u00e4mpliga f\u00f6r alla viktiga anv\u00e4ndningsomr\u00e5den.<\/p>\n<\/div>\n","protected":false},"excerpt":{"rendered":"<p>H\u00f6gpresterande 123A litiumbatteri. 10 \u00e5rs h\u00e5llbarhetstid, 3V, 1550mAh.<\/p>\n","protected":false},"featured_media":71047,"template":"","meta":{"_acf_changed":false},"product_brand":[11880],"product_cat":[12992,13043,13012,13044],"product_tag":[],"class_list":{"0":"post-71046","1":"product","2":"type-product","3":"status-publish","4":"has-post-thumbnail","6":"product_brand-surefire","7":"product_cat-batterier","8":"product_cat-edc","9":"product_cat-edc-lyktor","10":"product_cat-lampor","12":"first","13":"instock","14":"taxable","15":"shipping-taxable","16":"purchasable","17":"product-type-simple"},"acf":[],"_links":{"self":[{"href":"https:\/\/staging.nbg.eu\/sv\/wp-json\/wp\/v2\/product\/71046","targetHints":{"allow":["GET"]}}],"collection":[{"href":"https:\/\/staging.nbg.eu\/sv\/wp-json\/wp\/v2\/product"}],"about":[{"href":"https:\/\/staging.nbg.eu\/sv\/wp-json\/wp\/v2\/types\/product"}],"wp:featuredmedia":[{"embeddable":true,"href":"https:\/\/staging.nbg.eu\/sv\/wp-json\/wp\/v2\/media\/71047"}],"wp:attachment":[{"href":"https:\/\/staging.nbg.eu\/sv\/wp-json\/wp\/v2\/media?parent=71046"}],"wp:term":[{"taxonomy":"product_brand","embeddable":true,"href":"https:\/\/staging.nbg.eu\/sv\/wp-json\/wp\/v2\/product_brand?post=71046"},{"taxonomy":"product_cat","embeddable":true,"href":"https:\/\/staging.nbg.eu\/sv\/wp-json\/wp\/v2\/product_cat?post=71046"},{"taxonomy":"product_tag","embeddable":true,"href":"https:\/\/staging.nbg.eu\/sv\/wp-json\/wp\/v2\/product_tag?post=71046"}],"curies":[{"name":"wp","href":"https:\/\/api.w.org\/{rel}","templated":true}]}}