{"id":68891,"date":"2023-11-26T19:05:46","date_gmt":"2024-09-20T12:58:57","guid":{"rendered":"https:\/\/staging.nbg.eu\/product\/geissele-super-duty-mod1-rifle-16-5-56mm-luna-black\/"},"modified":"2024-09-27T10:17:24","modified_gmt":"2024-09-27T10:17:24","slug":"geissele-super-duty-karbin-16-556mm-luna-svart","status":"publish","type":"product","link":"https:\/\/staging.nbg.eu\/sv\/produkt\/geissele-super-duty-karbin-16-556mm-luna-svart\/","title":{"rendered":"Geissele Super Duty Karbin, 16&#8243;, 5.56MM- Luna Svart"},"content":{"rendered":"<h2>Geissele Super Duty Gev\u00e4r &#8211; 16&#8243; 5,56MM<\/h2>\n<p>Geissele Super Duty \u00e4r ett 16&#8243; gev\u00e4r i 5,56 NATO som kombinerar teknologi med hantverk.<\/p>\n<h2>Huvudegenskaper:<\/h2>\n<ul>\n<li>16&#8243; kallhamrad, kromlinjerad pipa (1:7&#8243; vridning)<\/li>\n<li>Tillverkad i Geisseles anl\u00e4ggning i North Wales, PA<\/li>\n<li>Karbinl\u00e4ngds gassystem med kompakt gasblock<\/li>\n<li>15&#8243; SMR MK16 modul\u00e4rt handskydd med M-LOK-kompatibilitet<\/li>\n<li>7075-T6 aluminium nedre mottagare med Ultra Duty-delar<\/li>\n<li>Ambidextr\u00f6st s\u00e4kerhetsv\u00e4ljare<\/li>\n<li>Super-42 aktionsfj\u00e4der och H3-buffert<\/li>\n<\/ul>\n<h2>Specifikationer:<\/h2>\n<ul>\n<li>Kaliber: 5,56 NATO<\/li>\n<li>Pipa: Geissele kallhamrad, kromlinjerad, 1\/7 vridning<\/li>\n<li>Mottagare: Smidda 7075-T6, h\u00e5rdanodiserade typ III<\/li>\n<li>Slutstycke: REBCG (Reliability Enhanced Bolt Carrier Group)<\/li>\n<li>Avtryckare: SSA-X med Lightning Bow<\/li>\n<li>Mynningsbroms: Geissele Sparkout flamd\u00e4mpare<\/li>\n<li>Laddhandtag: Airborne<\/li>\n<li>F\u00e4rg: DDC (Desert Dirt Color)*<\/li>\n<\/ul>\n<p><em>*Obs: DDC-anodisering kan variera i nyans<\/em><\/p>\n<p>Geissele Super Duty Rifle erbjuder precision och tillf\u00f6rlitlighet i ett kompakt paket.<\/p>\n","protected":false},"excerpt":{"rendered":"<p>Geissele Super Duty: 16&#8243; 5,56 mm, avancerad teknik, precisionsbyggd.<\/p>\n","protected":false},"featured_media":68892,"template":"","meta":{"_acf_changed":false},"product_brand":[11396],"product_cat":[13053,13050],"product_tag":[],"class_list":{"0":"post-68891","1":"product","2":"type-product","3":"status-publish","4":"has-post-thumbnail","6":"product_brand-geissele","7":"product_cat-gevaer","8":"product_cat-karbiner","10":"first","11":"instock","12":"taxable","13":"shipping-taxable","14":"product-type-simple"},"acf":[],"_links":{"self":[{"href":"https:\/\/staging.nbg.eu\/sv\/wp-json\/wp\/v2\/product\/68891","targetHints":{"allow":["GET"]}}],"collection":[{"href":"https:\/\/staging.nbg.eu\/sv\/wp-json\/wp\/v2\/product"}],"about":[{"href":"https:\/\/staging.nbg.eu\/sv\/wp-json\/wp\/v2\/types\/product"}],"wp:featuredmedia":[{"embeddable":true,"href":"https:\/\/staging.nbg.eu\/sv\/wp-json\/wp\/v2\/media\/68892"}],"wp:attachment":[{"href":"https:\/\/staging.nbg.eu\/sv\/wp-json\/wp\/v2\/media?parent=68891"}],"wp:term":[{"taxonomy":"product_brand","embeddable":true,"href":"https:\/\/staging.nbg.eu\/sv\/wp-json\/wp\/v2\/product_brand?post=68891"},{"taxonomy":"product_cat","embeddable":true,"href":"https:\/\/staging.nbg.eu\/sv\/wp-json\/wp\/v2\/product_cat?post=68891"},{"taxonomy":"product_tag","embeddable":true,"href":"https:\/\/staging.nbg.eu\/sv\/wp-json\/wp\/v2\/product_tag?post=68891"}],"curies":[{"name":"wp","href":"https:\/\/api.w.org\/{rel}","templated":true}]}}