{"id":68525,"date":"2023-11-29T10:10:20","date_gmt":"2024-09-20T12:30:20","guid":{"rendered":"https:\/\/staging.nbg.eu\/product\/geissele-super-duty-mod1-11-5-5-56mm-ddc\/"},"modified":"2024-09-27T10:07:51","modified_gmt":"2024-09-27T10:07:51","slug":"geissele-super-duty-115-556mm-ddc","status":"publish","type":"product","link":"https:\/\/staging.nbg.eu\/sv\/produkt\/geissele-super-duty-115-556mm-ddc\/","title":{"rendered":"Geissele Super Duty, 11.5&#8243;, 5.56MM-DDC"},"content":{"rendered":"<h2>Geissele Super Duty Pistol &#8211; 11,5&#8243; 5,56MM<\/h2>\n<p>Geissele Super Duty \u00e4r en 11,5&#8243; pistol i 5,56 NATO.<\/p>\n<h2>Huvudfunktioner:<\/h2>\n<ul>\n<li>11,5&#8243; kallhamrad, kromfodrad pipa (1:7&#8243; vridning)<\/li>\n<li>Tillverkad i Geisseles anl\u00e4ggning i North Wales, PA<\/li>\n<li>Karbinl\u00e4ngd gassystem med kompakt gasblock<\/li>\n<li>10,5&#8243; SMR MK16 modul\u00e4r r\u00e4ls med M-LOK-kompatibilitet<\/li>\n<li>7075-T6 aluminium nedre mottagare med Ultra Duty-delkit<\/li>\n<li>Ambidextr\u00f6s s\u00e4kerhetsv\u00e4ljare<\/li>\n<li>Super-42 aktionsfj\u00e4der och H3-buffer<\/li>\n<\/ul>\n<h2>Specifikationer:<\/h2>\n<ul>\n<li>Kaliber: 5,56 NATO<\/li>\n<li>Pipa: Geissele kallhamrad, kromfodrad, 1\/7 vridning<\/li>\n<li>Mottagare: Smidd 7075-T6, h\u00e5rdanodiserad typ III<\/li>\n<li>Slutstycke: REBCG (F\u00f6rb\u00e4ttrad tillf\u00f6rlitlighet)<\/li>\n<li>Avtryckare: SSA-X med Lightning Bow<\/li>\n<li>Mynningsbroms: Geissele Sparkout flamd\u00e4mpare<\/li>\n<li>Laddhandtag: Airborne<\/li>\n<li>F\u00e4rg: DDC (Desert Dirt Color)*<\/li>\n<\/ul>\n<p><em>*Obs: DDC-anodisering kan variera i nyans<\/em><\/p>\n<p>Geissele Super Duty Pistol \u00e4r en kompakt pistol med h\u00f6g prestanda.<\/p>\n","protected":false},"excerpt":{"rendered":"<p>Geissele Super Duty: 11,5 tum 5,56 mm, avancerad teknik, precisionsbyggd.<\/p>\n","protected":false},"featured_media":191264,"template":"","meta":{"_acf_changed":false},"product_brand":[11396],"product_cat":[13053,13050,13038],"product_tag":[],"class_list":{"0":"post-68525","1":"product","2":"type-product","3":"status-publish","4":"has-post-thumbnail","6":"product_brand-geissele","7":"product_cat-gevaer","8":"product_cat-karbiner","9":"product_cat-licensierad","11":"first","12":"instock","13":"taxable","14":"shipping-taxable","15":"product-type-simple"},"acf":[],"_links":{"self":[{"href":"https:\/\/staging.nbg.eu\/sv\/wp-json\/wp\/v2\/product\/68525","targetHints":{"allow":["GET"]}}],"collection":[{"href":"https:\/\/staging.nbg.eu\/sv\/wp-json\/wp\/v2\/product"}],"about":[{"href":"https:\/\/staging.nbg.eu\/sv\/wp-json\/wp\/v2\/types\/product"}],"wp:featuredmedia":[{"embeddable":true,"href":"https:\/\/staging.nbg.eu\/sv\/wp-json\/wp\/v2\/media\/191264"}],"wp:attachment":[{"href":"https:\/\/staging.nbg.eu\/sv\/wp-json\/wp\/v2\/media?parent=68525"}],"wp:term":[{"taxonomy":"product_brand","embeddable":true,"href":"https:\/\/staging.nbg.eu\/sv\/wp-json\/wp\/v2\/product_brand?post=68525"},{"taxonomy":"product_cat","embeddable":true,"href":"https:\/\/staging.nbg.eu\/sv\/wp-json\/wp\/v2\/product_cat?post=68525"},{"taxonomy":"product_tag","embeddable":true,"href":"https:\/\/staging.nbg.eu\/sv\/wp-json\/wp\/v2\/product_tag?post=68525"}],"curies":[{"name":"wp","href":"https:\/\/api.w.org\/{rel}","templated":true}]}}