{"id":68421,"date":"2023-12-10T10:23:45","date_gmt":"2023-12-10T10:23:45","guid":{"rendered":"https:\/\/staging.nbg.eu\/product\/alg-defense-el-jefe-16-5-56mm-black\/"},"modified":"2025-02-07T08:23:42","modified_gmt":"2025-02-07T08:23:42","slug":"alg-defense-el-jefe-16-556mm-svart","status":"publish","type":"product","link":"https:\/\/staging.nbg.eu\/sv\/produkt\/alg-defense-el-jefe-16-556mm-svart\/","title":{"rendered":"ALG Defense El Jefe, 16&#8243;, 5.56MM &#8211; Svart"},"content":{"rendered":"<h2>ALG Defense El Jefe, 16&#8243;, 5,56 mm &#8211; Svart<\/h2>\n<p>ALG Defense El Jefe-gev\u00e4ret \u00e4r ett Mil-Spec-klassat gev\u00e4r till ett \u00f6verkomligt pris. Detta kompletta gev\u00e4rsystem levereras med en rem och ett Warner &amp; Swasey r\u00f6dpunktsikte.<\/p>\n<h2>Huvudegenskaper:<\/h2>\n<ul>\n<li>7075 aluminium mottagare, smidda och CNC-bearbetade<\/li>\n<li>Mil-Spec Typ 3 h\u00e5rdanodiserad yta i matt svart<\/li>\n<li>ALG V3X handskydd med M-LOK-f\u00e4sten<\/li>\n<li>B5 Systems SOPMOD-kolv<\/li>\n<li>Geissele Super 42 fl\u00e4tad tr\u00e5dfj\u00e4der och H1-buffert<\/li>\n<li>Mil-Spec slutstycksenhet med h\u00e5rd krombel\u00e4ggning<\/li>\n<li>ALG Defense Advanced Combat Trigger (ACT)<\/li>\n<li>Knappr\u00e4fflat, krombelagt pipor med 5,56 NATO-kammare<\/li>\n<li>Geissele gasblock och f\u00f6rl\u00e4ngd midlength gasr\u00f6r<\/li>\n<li>Inkluderar M4 karbinrem och QD-f\u00e4sten<\/li>\n<li>Warner and Swasey 3 MOA r\u00f6dpunktsikte med integrerade reservriktmedel<\/li>\n<\/ul>\n<p>El Jefe kombinerar h\u00f6gkvalitativa komponenter f\u00f6r att leverera ett p\u00e5litligt, exakt och h\u00e5llbart gev\u00e4r l\u00e4mpligt f\u00f6r sportskytte, brottsbek\u00e4mpning och hemf\u00f6rsvar.<\/p>\n","protected":false},"excerpt":{"rendered":"<p>ALG Defense El Jefe: H\u00f6gkvalitativ 5,56 mm AR-15 med f\u00f6rstklassiga funktioner.<\/p>\n","protected":false},"featured_media":68422,"template":"","meta":{"_acf_changed":false},"product_brand":[11396],"product_cat":[13053,13050],"product_tag":[],"class_list":{"0":"post-68421","1":"product","2":"type-product","3":"status-publish","4":"has-post-thumbnail","6":"product_brand-geissele","7":"product_cat-gevaer","8":"product_cat-karbiner","10":"first","11":"instock","12":"taxable","13":"shipping-taxable","14":"product-type-simple"},"acf":[],"_links":{"self":[{"href":"https:\/\/staging.nbg.eu\/sv\/wp-json\/wp\/v2\/product\/68421","targetHints":{"allow":["GET"]}}],"collection":[{"href":"https:\/\/staging.nbg.eu\/sv\/wp-json\/wp\/v2\/product"}],"about":[{"href":"https:\/\/staging.nbg.eu\/sv\/wp-json\/wp\/v2\/types\/product"}],"wp:featuredmedia":[{"embeddable":true,"href":"https:\/\/staging.nbg.eu\/sv\/wp-json\/wp\/v2\/media\/68422"}],"wp:attachment":[{"href":"https:\/\/staging.nbg.eu\/sv\/wp-json\/wp\/v2\/media?parent=68421"}],"wp:term":[{"taxonomy":"product_brand","embeddable":true,"href":"https:\/\/staging.nbg.eu\/sv\/wp-json\/wp\/v2\/product_brand?post=68421"},{"taxonomy":"product_cat","embeddable":true,"href":"https:\/\/staging.nbg.eu\/sv\/wp-json\/wp\/v2\/product_cat?post=68421"},{"taxonomy":"product_tag","embeddable":true,"href":"https:\/\/staging.nbg.eu\/sv\/wp-json\/wp\/v2\/product_tag?post=68421"}],"curies":[{"name":"wp","href":"https:\/\/api.w.org\/{rel}","templated":true}]}}