{"id":68007,"date":"2024-01-13T10:41:33","date_gmt":"2024-09-20T12:18:06","guid":{"rendered":"https:\/\/staging.nbg.eu\/product\/surefire-m340dft-pro\/"},"modified":"2024-09-20T12:19:09","modified_gmt":"2024-09-20T12:19:09","slug":"surefire-m340dft-pro","status":"publish","type":"product","link":"https:\/\/staging.nbg.eu\/sv\/produkt\/surefire-m340dft-pro\/","title":{"rendered":"SureFire M340DFT-PRO"},"content":{"rendered":"<div class=\"product-description\">\n<h2>SureFire M340DFT-PRO Turbo Mini Scout Light Pro<\/h2>\n<p>M340DFT-PRO har f\u00f6ljande egenskaper:<\/p>\n<ul>\n<li>95 000 candela maximal str\u00e5lintensitet med medf\u00f6ljande SF18350-batteri<\/li>\n<li>Turbostr\u00e5lem\u00f6nster f\u00f6r m\u00e5lidentifiering p\u00e5 l\u00e5nga avst\u00e5nd<\/li>\n<li>L\u00e5gprofilsf\u00e4ste f\u00f6r optimal positionering<\/li>\n<li>Dual Fuel-funktion: SF18350 uppladdningsbart eller 123A litiumbatteri<\/li>\n<li>H\u00e5llbarhet och omfattande fj\u00e4rrstyrningsalternativ<\/li>\n<\/ul>\n<p>M340DFT-PRO har en precisionreflektor som ger en koncentrerad str\u00e5le, l\u00e4mplig f\u00f6r anv\u00e4ndning p\u00e5 l\u00e5nga avst\u00e5nd. Tillverkad av flygplansaluminium med Mil-Spec h\u00e5rd anodisering, denna vapenlampa \u00e4r konstruerad f\u00f6r att t\u00e5la kr\u00e4vande f\u00f6rh\u00e5llanden.<\/p>\n<\/div>\n","protected":false},"excerpt":{"rendered":"<p>Kompakt, h\u00f6geffektiv vapenlampa med 95 000 candela maximal str\u00e5lintensitet.<\/p>\n","protected":false},"featured_media":68008,"template":"","meta":{"_acf_changed":false},"product_brand":[11880],"product_cat":[13053,13004,13044],"product_tag":[],"class_list":{"0":"post-68007","1":"product","2":"type-product","3":"status-publish","4":"has-post-thumbnail","6":"product_brand-surefire","7":"product_cat-gevaer","8":"product_cat-gevaerslyktor","9":"product_cat-lampor","11":"first","12":"instock","13":"taxable","14":"shipping-taxable","15":"purchasable","16":"product-type-variable","17":"wvs-archive-product-wrapper"},"acf":[],"_links":{"self":[{"href":"https:\/\/staging.nbg.eu\/sv\/wp-json\/wp\/v2\/product\/68007","targetHints":{"allow":["GET"]}}],"collection":[{"href":"https:\/\/staging.nbg.eu\/sv\/wp-json\/wp\/v2\/product"}],"about":[{"href":"https:\/\/staging.nbg.eu\/sv\/wp-json\/wp\/v2\/types\/product"}],"wp:featuredmedia":[{"embeddable":true,"href":"https:\/\/staging.nbg.eu\/sv\/wp-json\/wp\/v2\/media\/68008"}],"wp:attachment":[{"href":"https:\/\/staging.nbg.eu\/sv\/wp-json\/wp\/v2\/media?parent=68007"}],"wp:term":[{"taxonomy":"product_brand","embeddable":true,"href":"https:\/\/staging.nbg.eu\/sv\/wp-json\/wp\/v2\/product_brand?post=68007"},{"taxonomy":"product_cat","embeddable":true,"href":"https:\/\/staging.nbg.eu\/sv\/wp-json\/wp\/v2\/product_cat?post=68007"},{"taxonomy":"product_tag","embeddable":true,"href":"https:\/\/staging.nbg.eu\/sv\/wp-json\/wp\/v2\/product_tag?post=68007"}],"curies":[{"name":"wp","href":"https:\/\/api.w.org\/{rel}","templated":true}]}}