{"id":67724,"date":"2024-01-13T11:48:33","date_gmt":"2024-01-13T11:48:33","guid":{"rendered":"https:\/\/staging.nbg.eu\/product\/surefire-m340v-pro\/"},"modified":"2024-09-20T12:16:40","modified_gmt":"2024-09-20T12:16:40","slug":"surefire-m340v-pro","status":"publish","type":"product","link":"https:\/\/staging.nbg.eu\/sv\/produkt\/surefire-m340v-pro\/","title":{"rendered":"SureFire M340V-PRO"},"content":{"rendered":"<div class=\"product-description\">\n<h2>Mini Scout Light Pro Infrar\u00f6d<\/h2>\n<p>Scout Light Pro med en cell erbjuder f\u00f6ljande:<\/p>\n<ul>\n<li>250 lumen vitt ljus och 100 mW IR-effekt<\/li>\n<li>Hybridstr\u00e5lm\u00f6nster f\u00f6r medel- till l\u00e5ngdistans identifiering och situationsmedvetenhet<\/li>\n<li>Ny l\u00e5gprofilmontering f\u00f6r optimal positionering och tillbeh\u00f6rskompatibilitet<\/li>\n<li>Enkel l\u00e4gesv\u00e4xling mellan vitt ljus, avst\u00e4ngd och infrar\u00f6d<\/li>\n<li>Konstruktion i flygplansaluminium med milit\u00e4rklassad h\u00e5rdanodisering<\/li>\n<li>Drivs av ett enda 123A litiumbatteri<\/li>\n<li>Kompatibel med MIL-STD-1913 och M-LOK-skenor<\/li>\n<\/ul>\n<p>Denna kompakta lampa \u00e4r byggd f\u00f6r att klara h\u00e5rda f\u00f6rh\u00e5llanden och fungerar i situationer med svagt ljus.<\/p>\n<\/div>\n","protected":false},"excerpt":{"rendered":"<p>Kompakt taktisk lampa med 250 lumen vitt ljus och 100 mW IR-uteffekt.<\/p>\n","protected":false},"featured_media":67725,"template":"","meta":{"_acf_changed":false},"product_brand":[11880],"product_cat":[13053,13004,13044],"product_tag":[],"class_list":{"0":"post-67724","1":"product","2":"type-product","3":"status-publish","4":"has-post-thumbnail","6":"product_brand-surefire","7":"product_cat-gevaer","8":"product_cat-gevaerslyktor","9":"product_cat-lampor","11":"first","12":"instock","13":"taxable","14":"shipping-taxable","15":"purchasable","16":"product-type-simple"},"acf":[],"_links":{"self":[{"href":"https:\/\/staging.nbg.eu\/sv\/wp-json\/wp\/v2\/product\/67724","targetHints":{"allow":["GET"]}}],"collection":[{"href":"https:\/\/staging.nbg.eu\/sv\/wp-json\/wp\/v2\/product"}],"about":[{"href":"https:\/\/staging.nbg.eu\/sv\/wp-json\/wp\/v2\/types\/product"}],"wp:featuredmedia":[{"embeddable":true,"href":"https:\/\/staging.nbg.eu\/sv\/wp-json\/wp\/v2\/media\/67725"}],"wp:attachment":[{"href":"https:\/\/staging.nbg.eu\/sv\/wp-json\/wp\/v2\/media?parent=67724"}],"wp:term":[{"taxonomy":"product_brand","embeddable":true,"href":"https:\/\/staging.nbg.eu\/sv\/wp-json\/wp\/v2\/product_brand?post=67724"},{"taxonomy":"product_cat","embeddable":true,"href":"https:\/\/staging.nbg.eu\/sv\/wp-json\/wp\/v2\/product_cat?post=67724"},{"taxonomy":"product_tag","embeddable":true,"href":"https:\/\/staging.nbg.eu\/sv\/wp-json\/wp\/v2\/product_tag?post=67724"}],"curies":[{"name":"wp","href":"https:\/\/api.w.org\/{rel}","templated":true}]}}