{"id":67509,"date":"2024-01-13T12:03:58","date_gmt":"2024-09-20T12:08:14","guid":{"rendered":"https:\/\/staging.nbg.eu\/product\/surefire-ds00\/"},"modified":"2024-09-20T12:09:17","modified_gmt":"2024-09-20T12:09:17","slug":"surefire-ds00","status":"publish","type":"product","link":"https:\/\/staging.nbg.eu\/sv\/produkt\/surefire-ds00\/","title":{"rendered":"SureFire DS00"},"content":{"rendered":"<p>\nSureFire DS00 \u00e4r en vattent\u00e4t str\u00f6mbrytare f\u00f6r de flesta Scout Light\u00ae vapenlampor. Funktioner:<\/p>\n<ul>\n<li>Oberoende integrerad och fj\u00e4rrstyrd drift<\/li>\n<li>Kompatibel med olika SureFire fj\u00e4rrkontroller<\/li>\n<li>Tryckknapp f\u00f6r p\u00e5\/av<\/li>\n<li>Funktion f\u00f6r systemavst\u00e4ngning<\/li>\n<li>Redundant str\u00f6mbrytare f\u00f6r tillf\u00f6rlitlighet<\/li>\n<\/ul>\n<p>F\u00f6rb\u00e4ttra funktionaliteten hos din vapenlampa med DS00 (Ej kompatibel med Micro Scout Light Pro).<\/p>\n","protected":false},"excerpt":{"rendered":"<p>M\u00e5ngsidig str\u00f6mbrytare f\u00f6r SureFire vapenbelysning med dubbla driftl\u00e4gen.<\/p>\n","protected":false},"featured_media":67510,"template":"","meta":{"_acf_changed":false},"product_brand":[11880],"product_cat":[13053,13044,13068],"product_tag":[],"class_list":{"0":"post-67509","1":"product","2":"type-product","3":"status-publish","4":"has-post-thumbnail","6":"product_brand-surefire","7":"product_cat-gevaer","8":"product_cat-lampor","9":"product_cat-lampstillbehoer","11":"first","12":"instock","13":"taxable","14":"shipping-taxable","15":"purchasable","16":"product-type-variable","17":"wvs-archive-product-wrapper"},"acf":[],"_links":{"self":[{"href":"https:\/\/staging.nbg.eu\/sv\/wp-json\/wp\/v2\/product\/67509","targetHints":{"allow":["GET"]}}],"collection":[{"href":"https:\/\/staging.nbg.eu\/sv\/wp-json\/wp\/v2\/product"}],"about":[{"href":"https:\/\/staging.nbg.eu\/sv\/wp-json\/wp\/v2\/types\/product"}],"wp:featuredmedia":[{"embeddable":true,"href":"https:\/\/staging.nbg.eu\/sv\/wp-json\/wp\/v2\/media\/67510"}],"wp:attachment":[{"href":"https:\/\/staging.nbg.eu\/sv\/wp-json\/wp\/v2\/media?parent=67509"}],"wp:term":[{"taxonomy":"product_brand","embeddable":true,"href":"https:\/\/staging.nbg.eu\/sv\/wp-json\/wp\/v2\/product_brand?post=67509"},{"taxonomy":"product_cat","embeddable":true,"href":"https:\/\/staging.nbg.eu\/sv\/wp-json\/wp\/v2\/product_cat?post=67509"},{"taxonomy":"product_tag","embeddable":true,"href":"https:\/\/staging.nbg.eu\/sv\/wp-json\/wp\/v2\/product_tag?post=67509"}],"curies":[{"name":"wp","href":"https:\/\/api.w.org\/{rel}","templated":true}]}}