{"id":67423,"date":"2024-01-13T12:20:15","date_gmt":"2024-09-20T12:06:55","guid":{"rendered":"https:\/\/staging.nbg.eu\/product\/surefire-ue-sr07-scout-light-remote-switch\/"},"modified":"2024-09-20T12:07:58","modified_gmt":"2024-09-20T12:07:58","slug":"surefire-ue-sr07-scout-light-fjaerrvaexel","status":"publish","type":"product","link":"https:\/\/staging.nbg.eu\/sv\/produkt\/surefire-ue-sr07-scout-light-fjaerrvaexel\/","title":{"rendered":"SureFire UE-SR07 Scout Light Fj\u00e4rrv\u00e4xel"},"content":{"rendered":"<p>\nSureFire UE-SR07 SCOUT LIGHT FJ\u00c4RRKONTROLL erbjuder:<\/p>\n<ul>\n<li>Inkopplingsbar SR07 fj\u00e4rrkontroll med momentan tryckplatta och klickbar p\u00e5\/av-knapp<\/li>\n<li>MIL-STD-1913 kompatibelt h\u00f6lje<\/li>\n<li>Tryckplatta f\u00e4ster p\u00e5 Picatinny-skenor<\/li>\n<li>Funktion f\u00f6r systemavst\u00e4ngning<\/li>\n<li>Fullst\u00e4ndig kontroll \u00f6ver omkoppling med UE-\u00e4ndstycke<\/li>\n<\/ul>\n","protected":false},"excerpt":{"rendered":"<p>Fj\u00e4rrstr\u00f6mbrytare f\u00f6r SureFire Scout Light: Tillf\u00e4llig och konstant styrning.<\/p>\n","protected":false},"featured_media":67424,"template":"","meta":{"_acf_changed":false},"product_brand":[11880],"product_cat":[],"product_tag":[],"class_list":{"0":"post-67423","1":"product","2":"type-product","3":"status-publish","4":"has-post-thumbnail","6":"product_brand-surefire","8":"first","9":"outofstock","10":"taxable","11":"shipping-taxable","12":"product-type-variable","13":"wvs-archive-product-wrapper"},"acf":[],"_links":{"self":[{"href":"https:\/\/staging.nbg.eu\/sv\/wp-json\/wp\/v2\/product\/67423","targetHints":{"allow":["GET"]}}],"collection":[{"href":"https:\/\/staging.nbg.eu\/sv\/wp-json\/wp\/v2\/product"}],"about":[{"href":"https:\/\/staging.nbg.eu\/sv\/wp-json\/wp\/v2\/types\/product"}],"wp:featuredmedia":[{"embeddable":true,"href":"https:\/\/staging.nbg.eu\/sv\/wp-json\/wp\/v2\/media\/67424"}],"wp:attachment":[{"href":"https:\/\/staging.nbg.eu\/sv\/wp-json\/wp\/v2\/media?parent=67423"}],"wp:term":[{"taxonomy":"product_brand","embeddable":true,"href":"https:\/\/staging.nbg.eu\/sv\/wp-json\/wp\/v2\/product_brand?post=67423"},{"taxonomy":"product_cat","embeddable":true,"href":"https:\/\/staging.nbg.eu\/sv\/wp-json\/wp\/v2\/product_cat?post=67423"},{"taxonomy":"product_tag","embeddable":true,"href":"https:\/\/staging.nbg.eu\/sv\/wp-json\/wp\/v2\/product_tag?post=67423"}],"curies":[{"name":"wp","href":"https:\/\/api.w.org\/{rel}","templated":true}]}}