{"id":67339,"date":"2024-01-13T12:52:23","date_gmt":"2024-09-20T12:05:34","guid":{"rendered":"https:\/\/staging.nbg.eu\/product\/surefire-sr07-weaponlight-switch\/"},"modified":"2024-09-20T12:06:37","modified_gmt":"2024-09-20T12:06:37","slug":"surefire-sr07-vapenlampsvaexel","status":"publish","type":"product","link":"https:\/\/staging.nbg.eu\/sv\/produkt\/surefire-sr07-vapenlampsvaexel\/","title":{"rendered":"SureFire SR07 Vapenlampsv\u00e4xel"},"content":{"rendered":"<p>\nSureFire SR07 erbjuder fj\u00e4rraktivering f\u00f6r SureFire vapenlampor. Funktioner:<\/p>\n<ul>\n<li>Tryckk\u00e4nslig pad f\u00f6r tillf\u00e4llig aktivering<\/li>\n<li>Tryckknapp f\u00f6r konstant aktivering<\/li>\n<li>18 cm kabel<\/li>\n<li>Avtagbar kl\u00e4mma f\u00f6r Picatinny-skena<\/li>\n<\/ul>\n<p>Ger dubbla kontrollm\u00f6jligheter f\u00f6r ditt vapen.<\/p>\n","protected":false},"excerpt":{"rendered":"<p>Fj\u00e4rrstyrd dubbelstr\u00f6mbrytare f\u00f6r SureFire vapenlampor. Monteras p\u00e5 r\u00e4ls.<\/p>\n","protected":false},"featured_media":67340,"template":"","meta":{"_acf_changed":false},"product_brand":[11880],"product_cat":[13053,13044,13068],"product_tag":[],"class_list":{"0":"post-67339","1":"product","2":"type-product","3":"status-publish","4":"has-post-thumbnail","6":"product_brand-surefire","7":"product_cat-gevaer","8":"product_cat-lampor","9":"product_cat-lampstillbehoer","11":"first","12":"instock","13":"taxable","14":"shipping-taxable","15":"purchasable","16":"product-type-simple"},"acf":[],"_links":{"self":[{"href":"https:\/\/staging.nbg.eu\/sv\/wp-json\/wp\/v2\/product\/67339","targetHints":{"allow":["GET"]}}],"collection":[{"href":"https:\/\/staging.nbg.eu\/sv\/wp-json\/wp\/v2\/product"}],"about":[{"href":"https:\/\/staging.nbg.eu\/sv\/wp-json\/wp\/v2\/types\/product"}],"wp:featuredmedia":[{"embeddable":true,"href":"https:\/\/staging.nbg.eu\/sv\/wp-json\/wp\/v2\/media\/67340"}],"wp:attachment":[{"href":"https:\/\/staging.nbg.eu\/sv\/wp-json\/wp\/v2\/media?parent=67339"}],"wp:term":[{"taxonomy":"product_brand","embeddable":true,"href":"https:\/\/staging.nbg.eu\/sv\/wp-json\/wp\/v2\/product_brand?post=67339"},{"taxonomy":"product_cat","embeddable":true,"href":"https:\/\/staging.nbg.eu\/sv\/wp-json\/wp\/v2\/product_cat?post=67339"},{"taxonomy":"product_tag","embeddable":true,"href":"https:\/\/staging.nbg.eu\/sv\/wp-json\/wp\/v2\/product_tag?post=67339"}],"curies":[{"name":"wp","href":"https:\/\/api.w.org\/{rel}","templated":true}]}}