{"id":66959,"date":"2024-01-13T20:15:17","date_gmt":"2024-09-20T11:57:34","guid":{"rendered":"https:\/\/staging.nbg.eu\/product\/surefire-x300u-b\/"},"modified":"2025-02-19T14:59:32","modified_gmt":"2025-02-19T14:59:32","slug":"surefire-x300u-b","status":"publish","type":"product","link":"https:\/\/staging.nbg.eu\/sv\/produkt\/surefire-x300u-b\/","title":{"rendered":"SureFire X300U-B"},"content":{"rendered":"<div class=\"product-description\">\n<h2>SureFire X300U-B Taktisk Vapenlampa<\/h2>\n<p>SureFire X300U-B \u00e4r en taktisk lampa designad f\u00f6r professionellt bruk. Den producerar 1 000 lumen LED-ljus, fokuserat av en TIR-lins f\u00f6r effektivitet.<\/p>\n<ul>\n<li>T-sp\u00e5r tumskruvskl\u00e4mma f\u00f6r s\u00e4ker f\u00e4stning p\u00e5 skenor<\/li>\n<li>Tv\u00e5sidig omkopplare f\u00f6r snabb aktivering<\/li>\n<li>Aluminiumh\u00f6lje med h\u00e5rd anodiserad yta enligt milit\u00e4r standard<\/li>\n<li>IPX7 vattent\u00e4t klassificering (1 meter i 30 minuter)<\/li>\n<li>1,25 timmars drifttid p\u00e5 tv\u00e5 medf\u00f6ljande 123A litiumbatterier<\/li>\n<li>Kompakt design: 9,55 cm l\u00e5ng, vikt 113 gram<\/li>\n<\/ul>\n<p>SureFire X300U-B belyser m\u00e5l p\u00e5 l\u00e5nga avst\u00e5nd samtidigt som den bibeh\u00e5ller situationsmedvetenhet.<\/p>\n<\/div>\n","protected":false},"excerpt":{"rendered":"<p>SureFire X300U-B: 1000-lumen taktisk lampa f\u00f6r pistoler och l\u00e5nga vapen.<\/p>\n","protected":false},"featured_media":66960,"template":"","meta":{"_acf_changed":false},"product_brand":[11880],"product_cat":[13044,13010,13037],"product_tag":[],"class_list":{"0":"post-66959","1":"product","2":"type-product","3":"status-publish","4":"has-post-thumbnail","6":"product_brand-surefire","7":"product_cat-lampor","8":"product_cat-pistol","9":"product_cat-pistollampor","11":"first","12":"instock","13":"taxable","14":"shipping-taxable","15":"purchasable","16":"product-type-variable","17":"wvs-archive-product-wrapper"},"acf":[],"_links":{"self":[{"href":"https:\/\/staging.nbg.eu\/sv\/wp-json\/wp\/v2\/product\/66959","targetHints":{"allow":["GET"]}}],"collection":[{"href":"https:\/\/staging.nbg.eu\/sv\/wp-json\/wp\/v2\/product"}],"about":[{"href":"https:\/\/staging.nbg.eu\/sv\/wp-json\/wp\/v2\/types\/product"}],"wp:featuredmedia":[{"embeddable":true,"href":"https:\/\/staging.nbg.eu\/sv\/wp-json\/wp\/v2\/media\/66960"}],"wp:attachment":[{"href":"https:\/\/staging.nbg.eu\/sv\/wp-json\/wp\/v2\/media?parent=66959"}],"wp:term":[{"taxonomy":"product_brand","embeddable":true,"href":"https:\/\/staging.nbg.eu\/sv\/wp-json\/wp\/v2\/product_brand?post=66959"},{"taxonomy":"product_cat","embeddable":true,"href":"https:\/\/staging.nbg.eu\/sv\/wp-json\/wp\/v2\/product_cat?post=66959"},{"taxonomy":"product_tag","embeddable":true,"href":"https:\/\/staging.nbg.eu\/sv\/wp-json\/wp\/v2\/product_tag?post=66959"}],"curies":[{"name":"wp","href":"https:\/\/api.w.org\/{rel}","templated":true}]}}