{"id":66713,"date":"2024-01-30T18:10:41","date_gmt":"2024-09-20T11:54:05","guid":{"rendered":"https:\/\/staging.nbg.eu\/product\/surefire-x300t-a\/"},"modified":"2024-09-20T11:55:06","modified_gmt":"2024-09-20T11:55:06","slug":"surefire-x300t-a","status":"publish","type":"product","link":"https:\/\/staging.nbg.eu\/sv\/produkt\/surefire-x300t-a\/","title":{"rendered":"SureFire X300T-A"},"content":{"rendered":"<div class=\"product-description\">\n<h2>SureFire X300T-A Taktisk Vapenlampa<\/h2>\n<p>SureFire X300T-A \u00e4r en taktisk lampa med 66 000 candela str\u00e5lintensitet och 650 lumens ljusfl\u00f6de. Denna lampa erbjuder:<\/p>\n<ul>\n<li>Turbostr\u00e5lm\u00f6nster f\u00f6r m\u00e5ligenk\u00e4nning p\u00e5 l\u00e5nga avst\u00e5nd<\/li>\n<li>F\u00e4stsystem f\u00f6r montering p\u00e5 Universal- och Picatinny-skenor<\/li>\n<li>Tv\u00e5sidig str\u00f6mbrytare<\/li>\n<li>Kompatibel med befintliga X300U-A h\u00f6lster<\/li>\n<li>Aluminiumh\u00f6lje med anodiserad ytbehandling<\/li>\n<li>IPX7 vattent\u00e4thetsklass (1 meter i 30 minuter)<\/li>\n<li>1,5 timmars drifttid p\u00e5 tv\u00e5 medf\u00f6ljande 123A litiumbatterier<\/li>\n<\/ul>\n<p>X300T-A kan belysa m\u00e5l upp till 514 meter bort.<\/p>\n<\/div>\n","protected":false},"excerpt":{"rendered":"<p>SureFire X300T-A: 66 000-candela taktisk lampa f\u00f6r l\u00e5ngdistans PID.<\/p>\n","protected":false},"featured_media":66714,"template":"","meta":{"_acf_changed":false},"product_brand":[11880],"product_cat":[13044,13010,13037],"product_tag":[],"class_list":{"0":"post-66713","1":"product","2":"type-product","3":"status-publish","4":"has-post-thumbnail","6":"product_brand-surefire","7":"product_cat-lampor","8":"product_cat-pistol","9":"product_cat-pistollampor","11":"first","12":"instock","13":"taxable","14":"shipping-taxable","15":"purchasable","16":"product-type-variable","17":"wvs-archive-product-wrapper"},"acf":[],"_links":{"self":[{"href":"https:\/\/staging.nbg.eu\/sv\/wp-json\/wp\/v2\/product\/66713","targetHints":{"allow":["GET"]}}],"collection":[{"href":"https:\/\/staging.nbg.eu\/sv\/wp-json\/wp\/v2\/product"}],"about":[{"href":"https:\/\/staging.nbg.eu\/sv\/wp-json\/wp\/v2\/types\/product"}],"wp:featuredmedia":[{"embeddable":true,"href":"https:\/\/staging.nbg.eu\/sv\/wp-json\/wp\/v2\/media\/66714"}],"wp:attachment":[{"href":"https:\/\/staging.nbg.eu\/sv\/wp-json\/wp\/v2\/media?parent=66713"}],"wp:term":[{"taxonomy":"product_brand","embeddable":true,"href":"https:\/\/staging.nbg.eu\/sv\/wp-json\/wp\/v2\/product_brand?post=66713"},{"taxonomy":"product_cat","embeddable":true,"href":"https:\/\/staging.nbg.eu\/sv\/wp-json\/wp\/v2\/product_cat?post=66713"},{"taxonomy":"product_tag","embeddable":true,"href":"https:\/\/staging.nbg.eu\/sv\/wp-json\/wp\/v2\/product_tag?post=66713"}],"curies":[{"name":"wp","href":"https:\/\/api.w.org\/{rel}","templated":true}]}}