{"id":66289,"date":"2024-01-18T13:56:08","date_gmt":"2024-09-20T11:48:54","guid":{"rendered":"https:\/\/staging.nbg.eu\/product\/surefire-switch-assembly-z-xbc\/"},"modified":"2024-09-20T11:49:56","modified_gmt":"2024-09-20T11:49:56","slug":"surefire-stroembrytare-z-xbc","status":"publish","type":"product","link":"https:\/\/staging.nbg.eu\/sv\/produkt\/surefire-stroembrytare-z-xbc\/","title":{"rendered":"SureFire Str\u00f6mbrytare Z-XBC"},"content":{"rendered":"<p>\nSureFire Switch Assembly Z-XBC \u00e4r den ursprungliga ers\u00e4ttningsstr\u00f6mbrytaren f\u00f6r X300, X400 och XH30 vapenlampor. Egenskaper inkluderar:<\/p>\n<ul>\n<li>Dubbelsidig momentan och konstant tryck\/vippstr\u00f6mbrytare<\/li>\n<li>Konstruktion av polymer<\/li>\n<li>Tillg\u00e4nglig i svart eller sand<\/li>\n<\/ul>\n<p>Ej kompatibel med XH50G vapenlampa. S\u00e4kerst\u00e4ll att du anv\u00e4nder r\u00e4tt str\u00f6mbrytare f\u00f6r din SureFire vapenlampa.<\/p>\n","protected":false},"excerpt":{"rendered":"<p>Ers\u00e4ttningsstr\u00f6mbrytare f\u00f6r SureFire X300\/X400\/XH30 vapenlampor. Dubbelt l\u00e4ge.<\/p>\n","protected":false},"featured_media":66290,"template":"","meta":{"_acf_changed":false},"product_brand":[11880],"product_cat":[13044,13068,13010,13037],"product_tag":[],"class_list":{"0":"post-66289","1":"product","2":"type-product","3":"status-publish","4":"has-post-thumbnail","6":"product_brand-surefire","7":"product_cat-lampor","8":"product_cat-lampstillbehoer","9":"product_cat-pistol","10":"product_cat-pistollampor","12":"first","13":"instock","14":"taxable","15":"shipping-taxable","16":"purchasable","17":"product-type-variable","18":"wvs-archive-product-wrapper"},"acf":[],"_links":{"self":[{"href":"https:\/\/staging.nbg.eu\/sv\/wp-json\/wp\/v2\/product\/66289","targetHints":{"allow":["GET"]}}],"collection":[{"href":"https:\/\/staging.nbg.eu\/sv\/wp-json\/wp\/v2\/product"}],"about":[{"href":"https:\/\/staging.nbg.eu\/sv\/wp-json\/wp\/v2\/types\/product"}],"wp:featuredmedia":[{"embeddable":true,"href":"https:\/\/staging.nbg.eu\/sv\/wp-json\/wp\/v2\/media\/66290"}],"wp:attachment":[{"href":"https:\/\/staging.nbg.eu\/sv\/wp-json\/wp\/v2\/media?parent=66289"}],"wp:term":[{"taxonomy":"product_brand","embeddable":true,"href":"https:\/\/staging.nbg.eu\/sv\/wp-json\/wp\/v2\/product_brand?post=66289"},{"taxonomy":"product_cat","embeddable":true,"href":"https:\/\/staging.nbg.eu\/sv\/wp-json\/wp\/v2\/product_cat?post=66289"},{"taxonomy":"product_tag","embeddable":true,"href":"https:\/\/staging.nbg.eu\/sv\/wp-json\/wp\/v2\/product_tag?post=66289"}],"curies":[{"name":"wp","href":"https:\/\/api.w.org\/{rel}","templated":true}]}}