{"id":66205,"date":"2024-01-19T18:03:48","date_gmt":"2024-01-19T18:03:48","guid":{"rendered":"https:\/\/staging.nbg.eu\/product\/surefire-sf18350\/"},"modified":"2024-09-20T11:48:03","modified_gmt":"2024-09-20T11:48:03","slug":"surefire-sf18350","status":"publish","type":"product","link":"https:\/\/staging.nbg.eu\/sv\/produkt\/surefire-sf18350\/","title":{"rendered":"SureFire SF18350"},"content":{"rendered":"<div class=\"product-description\">\n<h2>SureFire SF18350 Uppladdningsbart batteri<\/h2>\n<p>Anv\u00e4nd till SureFire 3-volts Dual Fuel belysningsverktyg med SF18350 uppladdningsbart batteri. Egenskaper:<\/p>\n<ul>\n<li>3,7 volt \/ 1100 mAh kapacitet<\/li>\n<li>MICRO-USB-laddning f\u00f6r olika laddningsalternativ<\/li>\n<li>Litiumjon-skyddad 18350-design<\/li>\n<li>Kompatibel med SureFire Dual Fuel, produkter som drivs av ett 123A-batteri<\/li>\n<\/ul>\n<p>Inkluderar MICRO-USB till USB-kabel f\u00f6r laddning fr\u00e5n olika k\u00e4llor. Ej kompatibel med produkter som inte \u00e4r Dual Fuel.<\/p>\n<\/div>\n","protected":false},"excerpt":{"rendered":"<p>Uppladdningsbart 18350-batteri: 3,7V, 1100mAh, MICRO-USB-laddning.<\/p>\n","protected":false},"featured_media":66206,"template":"","meta":{"_acf_changed":false},"product_brand":[11880],"product_cat":[12992,13044],"product_tag":[],"class_list":{"0":"post-66205","1":"product","2":"type-product","3":"status-publish","4":"has-post-thumbnail","6":"product_brand-surefire","7":"product_cat-batterier","8":"product_cat-lampor","10":"first","11":"instock","12":"taxable","13":"shipping-taxable","14":"purchasable","15":"product-type-simple"},"acf":[],"_links":{"self":[{"href":"https:\/\/staging.nbg.eu\/sv\/wp-json\/wp\/v2\/product\/66205","targetHints":{"allow":["GET"]}}],"collection":[{"href":"https:\/\/staging.nbg.eu\/sv\/wp-json\/wp\/v2\/product"}],"about":[{"href":"https:\/\/staging.nbg.eu\/sv\/wp-json\/wp\/v2\/types\/product"}],"wp:featuredmedia":[{"embeddable":true,"href":"https:\/\/staging.nbg.eu\/sv\/wp-json\/wp\/v2\/media\/66206"}],"wp:attachment":[{"href":"https:\/\/staging.nbg.eu\/sv\/wp-json\/wp\/v2\/media?parent=66205"}],"wp:term":[{"taxonomy":"product_brand","embeddable":true,"href":"https:\/\/staging.nbg.eu\/sv\/wp-json\/wp\/v2\/product_brand?post=66205"},{"taxonomy":"product_cat","embeddable":true,"href":"https:\/\/staging.nbg.eu\/sv\/wp-json\/wp\/v2\/product_cat?post=66205"},{"taxonomy":"product_tag","embeddable":true,"href":"https:\/\/staging.nbg.eu\/sv\/wp-json\/wp\/v2\/product_tag?post=66205"}],"curies":[{"name":"wp","href":"https:\/\/api.w.org\/{rel}","templated":true}]}}