{"id":66163,"date":"2024-01-19T18:29:10","date_gmt":"2024-09-20T11:45:13","guid":{"rendered":"https:\/\/staging.nbg.eu\/product\/surefire-sf18650-b\/"},"modified":"2024-09-20T11:46:13","modified_gmt":"2024-09-20T11:46:13","slug":"surefire-sf18650-b","status":"publish","type":"product","link":"https:\/\/staging.nbg.eu\/sv\/produkt\/surefire-sf18650-b\/","title":{"rendered":"SureFire SF18650-B"},"content":{"rendered":"<div class=\"product-description\">\n<h2>SureFire SF18650-B Uppladdningsbart batteri<\/h2>\n<p>SF18650-B uppladdningsbart batteri levererar 3,6 volt och 3500 mAh f\u00f6r l\u00e4ngre drifttid. Det har MICRO-USB-laddning f\u00f6r bekv\u00e4m uppladdning fr\u00e5n olika k\u00e4llor. Kompatibelt med vissa SureFire-produkter, inklusive FURY-DFT, EDC2-DFT och M600DF-serien. Kan laddas via USB eller extern 18650-laddare (ing\u00e5r ej). SF18650-B kan anv\u00e4ndas f\u00f6r att driva din utrustning.<\/p>\n<\/div>\n","protected":false},"excerpt":{"rendered":"<p>H\u00f6gkapacitets 3500mAh uppladdningsbart batteri med MICRO-USB-laddning.<\/p>\n","protected":false},"featured_media":66164,"template":"","meta":{"_acf_changed":false},"product_brand":[11880],"product_cat":[12992,13043,13012,13044],"product_tag":[],"class_list":{"0":"post-66163","1":"product","2":"type-product","3":"status-publish","4":"has-post-thumbnail","6":"product_brand-surefire","7":"product_cat-batterier","8":"product_cat-edc","9":"product_cat-edc-lyktor","10":"product_cat-lampor","12":"first","13":"instock","14":"taxable","15":"shipping-taxable","16":"purchasable","17":"product-type-simple"},"acf":[],"_links":{"self":[{"href":"https:\/\/staging.nbg.eu\/sv\/wp-json\/wp\/v2\/product\/66163","targetHints":{"allow":["GET"]}}],"collection":[{"href":"https:\/\/staging.nbg.eu\/sv\/wp-json\/wp\/v2\/product"}],"about":[{"href":"https:\/\/staging.nbg.eu\/sv\/wp-json\/wp\/v2\/types\/product"}],"wp:featuredmedia":[{"embeddable":true,"href":"https:\/\/staging.nbg.eu\/sv\/wp-json\/wp\/v2\/media\/66164"}],"wp:attachment":[{"href":"https:\/\/staging.nbg.eu\/sv\/wp-json\/wp\/v2\/media?parent=66163"}],"wp:term":[{"taxonomy":"product_brand","embeddable":true,"href":"https:\/\/staging.nbg.eu\/sv\/wp-json\/wp\/v2\/product_brand?post=66163"},{"taxonomy":"product_cat","embeddable":true,"href":"https:\/\/staging.nbg.eu\/sv\/wp-json\/wp\/v2\/product_cat?post=66163"},{"taxonomy":"product_tag","embeddable":true,"href":"https:\/\/staging.nbg.eu\/sv\/wp-json\/wp\/v2\/product_tag?post=66163"}],"curies":[{"name":"wp","href":"https:\/\/api.w.org\/{rel}","templated":true}]}}