{"id":66118,"date":"2024-01-21T16:19:01","date_gmt":"2024-09-20T11:39:55","guid":{"rendered":"https:\/\/staging.nbg.eu\/product\/surefire-edc1-dft\/"},"modified":"2024-09-20T11:40:59","modified_gmt":"2024-09-20T11:40:59","slug":"surefire-edc1-dft","status":"publish","type":"product","link":"https:\/\/staging.nbg.eu\/sv\/produkt\/surefire-edc1-dft\/","title":{"rendered":"SureFire EDC1-DFT"},"content":{"rendered":"<div class=\"product-description\">\n<h2>SureFire EDC1-DFT Turbo Ficklampa<\/h2>\n<p>SureFire EDC1-DFT Turbo \u00e4r en kompakt ficklampa f\u00f6r dagligt b\u00e4rande. Denna Dual Fuel-ficklampa erbjuder:<\/p>\n<ul>\n<li>95 000 candela maximal str\u00e5lintensitet (med medf\u00f6ljande SF18350-batteri)<\/li>\n<li>Turbo-str\u00e5lem\u00f6nster f\u00f6r koncentrerad belysning p\u00e5 l\u00e5ngt avst\u00e5nd<\/li>\n<li>Dual Fuel-teknik: anv\u00e4nd uppladdningsbart SF18350 eller enstaka 123A litiumbatteri<\/li>\n<li>Mil-Spec h\u00e5rdanodiserad aluminiumkropp f\u00f6r h\u00e5llbarhet<\/li>\n<li>IPX7 vattent\u00e4t klassificering<\/li>\n<\/ul>\n<p>Huvudfunktioner:<\/p>\n<ul>\n<li>H\u00f6g effekt: 650 lumen (med 18350-batteri)<\/li>\n<li>Drifttid: 45 minuter p\u00e5 h\u00f6g effekt (med 18350-batteri)<\/li>\n<li>L\u00e4ngd: 4,76 tum (12,1 cm)<\/li>\n<li>Vikt: 4,56 oz (128,3 g) med 18350-batteri<\/li>\n<li>Tv\u00e5v\u00e4gskl\u00e4mma f\u00f6r m\u00e5ngsidiga b\u00e4ralternativ<\/li>\n<\/ul>\n<p>SureFire-kvalitet och prestanda i ett kompakt paket som ger god sikt i olika situationer.<\/p>\n<\/div>\n","protected":false},"excerpt":{"rendered":"<p>Kompakt EDC-ficklampa med 95 000 candela ljusstyrka och dubbla br\u00e4nslealternativ.<\/p>\n","protected":false},"featured_media":66119,"template":"","meta":{"_acf_changed":false},"product_brand":[11880],"product_cat":[13043,13012,13044],"product_tag":[],"class_list":{"0":"post-66118","1":"product","2":"type-product","3":"status-publish","4":"has-post-thumbnail","6":"product_brand-surefire","7":"product_cat-edc","8":"product_cat-edc-lyktor","9":"product_cat-lampor","11":"first","12":"instock","13":"taxable","14":"shipping-taxable","15":"purchasable","16":"product-type-variable","17":"wvs-archive-product-wrapper"},"acf":[],"_links":{"self":[{"href":"https:\/\/staging.nbg.eu\/sv\/wp-json\/wp\/v2\/product\/66118","targetHints":{"allow":["GET"]}}],"collection":[{"href":"https:\/\/staging.nbg.eu\/sv\/wp-json\/wp\/v2\/product"}],"about":[{"href":"https:\/\/staging.nbg.eu\/sv\/wp-json\/wp\/v2\/types\/product"}],"wp:featuredmedia":[{"embeddable":true,"href":"https:\/\/staging.nbg.eu\/sv\/wp-json\/wp\/v2\/media\/66119"}],"wp:attachment":[{"href":"https:\/\/staging.nbg.eu\/sv\/wp-json\/wp\/v2\/media?parent=66118"}],"wp:term":[{"taxonomy":"product_brand","embeddable":true,"href":"https:\/\/staging.nbg.eu\/sv\/wp-json\/wp\/v2\/product_brand?post=66118"},{"taxonomy":"product_cat","embeddable":true,"href":"https:\/\/staging.nbg.eu\/sv\/wp-json\/wp\/v2\/product_cat?post=66118"},{"taxonomy":"product_tag","embeddable":true,"href":"https:\/\/staging.nbg.eu\/sv\/wp-json\/wp\/v2\/product_tag?post=66118"}],"curies":[{"name":"wp","href":"https:\/\/api.w.org\/{rel}","templated":true}]}}