{"id":65885,"date":"2024-01-21T17:29:54","date_gmt":"2024-09-20T11:36:21","guid":{"rendered":"https:\/\/staging.nbg.eu\/product\/surefire-edc2-dft\/"},"modified":"2024-09-20T11:37:22","modified_gmt":"2024-09-20T11:37:22","slug":"surefire-edc2-dft","status":"publish","type":"product","link":"https:\/\/staging.nbg.eu\/sv\/produkt\/surefire-edc2-dft\/","title":{"rendered":"SureFire EDC2-DFT"},"content":{"rendered":"<h2>SureFire EDC2-DFT: Ficklampa<\/h2>\n<p>SureFire EDC2-DFT \u00e4r en kompakt ficklampa f\u00f6r dagligt bruk. Den har f\u00f6ljande egenskaper:<\/p>\n<ul>\n<li>100 000 candela ljusstyrka (med medf\u00f6ljande SF18650B-batteri)<\/li>\n<li>Turbostr\u00e5le f\u00f6r koncentrerad belysning<\/li>\n<li>Dual Fuel-teknik: anv\u00e4nd laddningsbart SF18650 eller tv\u00e5 123A litiumbatterier<\/li>\n<li>Mil-Spec h\u00e5rdanodiserad aluminiumkropp, uppfyller IPX7 vattent\u00e4t standard<\/li>\n<li>700 lumen ljusfl\u00f6de med 2,75 timmars drifttid (18650-batteri)<\/li>\n<li>632 meters r\u00e4ckvidd<\/li>\n<li>Kompakt l\u00e4ngd p\u00e5 15 cm, v\u00e4ger 159 gram<\/li>\n<\/ul>\n<p>EDC2-DFT har en Turbo Series-reflektor som ger den l\u00e4ngsta r\u00e4ckvidden i SureFires kompakta EDC-serie. Den har en h\u00e5llbar konstruktion och ett m\u00e5ngsidigt clip. EDC2-DFT kan anv\u00e4ndas f\u00f6r personlig s\u00e4kerhet eller professionellt bruk.<\/p>\n<p>Tillverkad av SureFire.<\/p>\n","protected":false},"excerpt":{"rendered":"<p>Kompakt, kraftfull ficklampa med 100 000 candela ljusstyrka och dubbel str\u00f6mk\u00e4lla.<\/p>\n","protected":false},"featured_media":65886,"template":"","meta":{"_acf_changed":false},"product_brand":[11880],"product_cat":[13043,13012,13044],"product_tag":[],"class_list":{"0":"post-65885","1":"product","2":"type-product","3":"status-publish","4":"has-post-thumbnail","6":"product_brand-surefire","7":"product_cat-edc","8":"product_cat-edc-lyktor","9":"product_cat-lampor","11":"first","12":"instock","13":"taxable","14":"shipping-taxable","15":"purchasable","16":"product-type-variable","17":"wvs-archive-product-wrapper"},"acf":[],"_links":{"self":[{"href":"https:\/\/staging.nbg.eu\/sv\/wp-json\/wp\/v2\/product\/65885","targetHints":{"allow":["GET"]}}],"collection":[{"href":"https:\/\/staging.nbg.eu\/sv\/wp-json\/wp\/v2\/product"}],"about":[{"href":"https:\/\/staging.nbg.eu\/sv\/wp-json\/wp\/v2\/types\/product"}],"wp:featuredmedia":[{"embeddable":true,"href":"https:\/\/staging.nbg.eu\/sv\/wp-json\/wp\/v2\/media\/65886"}],"wp:attachment":[{"href":"https:\/\/staging.nbg.eu\/sv\/wp-json\/wp\/v2\/media?parent=65885"}],"wp:term":[{"taxonomy":"product_brand","embeddable":true,"href":"https:\/\/staging.nbg.eu\/sv\/wp-json\/wp\/v2\/product_brand?post=65885"},{"taxonomy":"product_cat","embeddable":true,"href":"https:\/\/staging.nbg.eu\/sv\/wp-json\/wp\/v2\/product_cat?post=65885"},{"taxonomy":"product_tag","embeddable":true,"href":"https:\/\/staging.nbg.eu\/sv\/wp-json\/wp\/v2\/product_tag?post=65885"}],"curies":[{"name":"wp","href":"https:\/\/api.w.org\/{rel}","templated":true}]}}