{"id":65603,"date":"2024-01-23T18:42:27","date_gmt":"2024-01-23T18:42:27","guid":{"rendered":"https:\/\/staging.nbg.eu\/product\/bore-cleaner-1-5-oz\/"},"modified":"2024-09-20T11:30:41","modified_gmt":"2024-09-20T11:30:41","slug":"piploesare-15-oz","status":"publish","type":"product","link":"https:\/\/staging.nbg.eu\/sv\/produkt\/piploesare-15-oz\/","title":{"rendered":"Pipl\u00f6sare 1.5 oz"},"content":{"rendered":"<p>\nIosso Borreng\u00f6ringsmedel: En biologiskt baserad pastaformel f\u00f6r reng\u00f6ring av vapen. Tar bort koppar, bly, kol, smuts och rost utan spill eller skador. Icke-korrosivt, luktfritt och milj\u00f6v\u00e4nligt. Kan anv\u00e4ndas tillsammans med Eliminator-borstar och oljel\u00f6sning f\u00f6r grundlig reng\u00f6ring. Baserad p\u00e5 v\u00e4xtteknologi f\u00f6r skjutvapen.<\/p>\n","protected":false},"excerpt":{"rendered":"<p>Milj\u00f6v\u00e4nlig reng\u00f6ringspasta f\u00f6r vapen. Avl\u00e4gsnar snabbt rester och f\u00f6roreningar.<\/p>\n","protected":false},"featured_media":101693,"template":"","meta":{"_acf_changed":false},"product_brand":[11478],"product_cat":[13048,13034],"product_tag":[],"class_list":{"0":"post-65603","1":"product","2":"type-product","3":"status-publish","4":"has-post-thumbnail","6":"product_brand-iosso","7":"product_cat-rengoeringsmedel","8":"product_cat-vapenrengoering","10":"first","11":"instock","12":"taxable","13":"shipping-taxable","14":"purchasable","15":"product-type-simple"},"acf":[],"_links":{"self":[{"href":"https:\/\/staging.nbg.eu\/sv\/wp-json\/wp\/v2\/product\/65603","targetHints":{"allow":["GET"]}}],"collection":[{"href":"https:\/\/staging.nbg.eu\/sv\/wp-json\/wp\/v2\/product"}],"about":[{"href":"https:\/\/staging.nbg.eu\/sv\/wp-json\/wp\/v2\/types\/product"}],"wp:featuredmedia":[{"embeddable":true,"href":"https:\/\/staging.nbg.eu\/sv\/wp-json\/wp\/v2\/media\/101693"}],"wp:attachment":[{"href":"https:\/\/staging.nbg.eu\/sv\/wp-json\/wp\/v2\/media?parent=65603"}],"wp:term":[{"taxonomy":"product_brand","embeddable":true,"href":"https:\/\/staging.nbg.eu\/sv\/wp-json\/wp\/v2\/product_brand?post=65603"},{"taxonomy":"product_cat","embeddable":true,"href":"https:\/\/staging.nbg.eu\/sv\/wp-json\/wp\/v2\/product_cat?post=65603"},{"taxonomy":"product_tag","embeddable":true,"href":"https:\/\/staging.nbg.eu\/sv\/wp-json\/wp\/v2\/product_tag?post=65603"}],"curies":[{"name":"wp","href":"https:\/\/api.w.org\/{rel}","templated":true}]}}