{"id":65369,"date":"2024-09-19T17:15:31","date_gmt":"2024-09-19T14:15:31","guid":{"rendered":"https:\/\/staging.nbg.eu\/?post_type=product&#038;p=65369"},"modified":"2025-10-20T12:25:38","modified_gmt":"2025-10-20T09:25:38","slug":"rh-owb-classics-hoelster","status":"publish","type":"product","link":"https:\/\/staging.nbg.eu\/sv\/produkt\/rh-owb-classics-hoelster\/","title":{"rendered":"RH OWB Classics H\u00f6lster"},"content":{"rendered":"<div class=\"product-description\">\n<h2>RH OWB Klassiskt H\u00f6lster<\/h2>\n<p>RH OWB Klassiskt H\u00f6lster \u00e4r ett h\u00f6lster f\u00f6r b\u00e4rande utanf\u00f6r byxlinningen. Det \u00e4r tillverkat av l\u00e4der med s\u00f6mmar och erbjuder:<\/p>\n<ul>\n<li>H\u00e5llbar konstruktion f\u00f6r l\u00e5ngvarig anv\u00e4ndning<\/li>\n<li>Bekv\u00e4m passform f\u00f6r dagligt b\u00e4rande<\/li>\n<li>S\u00e4ker fasth\u00e5llning av vapnet<\/li>\n<li>Snabb dragning<\/li>\n<li>Klassisk design<\/li>\n<\/ul>\n<p>Tillg\u00e4ngligt f\u00f6r m\u00e5nga handeldvapen. RH OWB Klassiskt H\u00f6lster kan anv\u00e4ndas f\u00f6r dolt b\u00e4rande, skjutbanetr\u00e4ning eller \u00f6ppet b\u00e4rande. Det har anv\u00e4nts av vapenentusiaster i m\u00e5nga \u00e5r.<\/p>\n<\/div>\n","protected":false},"excerpt":{"rendered":"<p>S\u00e4ker, bekv\u00e4m OWB-h\u00f6lster f\u00f6r klassiska skjutvapen. H\u00e5llbar design.<\/p>\n","protected":false},"featured_media":65463,"template":"","meta":{"_acf_changed":false},"product_brand":[11645],"product_cat":[13007,13045,12994],"product_tag":[],"class_list":{"0":"post-65369","1":"product","2":"type-product","3":"status-publish","4":"has-post-thumbnail","6":"product_brand-rh-holsters","7":"product_cat-hoelster","8":"product_cat-sporthoelster","9":"product_cat-taktiskt-hoelster","10":"pa_belt-size-40mm-sv","11":"pa_light-streamlight-tlr-1","12":"pa_light-surefire-x300-ultra-a-sv","13":"pa_light-surefire-x300u","14":"pa_light-without-light-sv","15":"pa_model-1911-sv","16":"pa_model-beretta-92fs-sv","17":"pa_model-beretta-92x-sv","18":"pa_model-cz-75-b-sv","19":"pa_model-glock-17-sv","20":"pa_model-glock-19-17","21":"pa_model-glock-19-23-32-sv","22":"pa_model-glock-43x-sv-2","23":"pa_model-hk45-sv","24":"pa_model-sig-sauer-p226-bez-railu-sv","25":"pa_strong-hand-right-sv","27":"first","28":"instock","29":"taxable","30":"shipping-taxable","31":"purchasable","32":"product-type-variable","33":"wvs-archive-product-wrapper"},"acf":[],"_links":{"self":[{"href":"https:\/\/staging.nbg.eu\/sv\/wp-json\/wp\/v2\/product\/65369","targetHints":{"allow":["GET"]}}],"collection":[{"href":"https:\/\/staging.nbg.eu\/sv\/wp-json\/wp\/v2\/product"}],"about":[{"href":"https:\/\/staging.nbg.eu\/sv\/wp-json\/wp\/v2\/types\/product"}],"wp:featuredmedia":[{"embeddable":true,"href":"https:\/\/staging.nbg.eu\/sv\/wp-json\/wp\/v2\/media\/65463"}],"wp:attachment":[{"href":"https:\/\/staging.nbg.eu\/sv\/wp-json\/wp\/v2\/media?parent=65369"}],"wp:term":[{"taxonomy":"product_brand","embeddable":true,"href":"https:\/\/staging.nbg.eu\/sv\/wp-json\/wp\/v2\/product_brand?post=65369"},{"taxonomy":"product_cat","embeddable":true,"href":"https:\/\/staging.nbg.eu\/sv\/wp-json\/wp\/v2\/product_cat?post=65369"},{"taxonomy":"product_tag","embeddable":true,"href":"https:\/\/staging.nbg.eu\/sv\/wp-json\/wp\/v2\/product_tag?post=65369"}],"curies":[{"name":"wp","href":"https:\/\/api.w.org\/{rel}","templated":true}]}}