{"id":63586,"date":"2024-01-23T18:50:53","date_gmt":"2024-09-16T13:21:32","guid":{"rendered":"https:\/\/staging.nbg.eu\/product\/iosso-case-polish\/"},"modified":"2024-09-16T13:22:32","modified_gmt":"2024-09-16T13:22:32","slug":"iosso-hylspolish","status":"publish","type":"product","link":"https:\/\/staging.nbg.eu\/sv\/produkt\/iosso-hylspolish\/","title":{"rendered":"Iosso Hylspolish"},"content":{"rendered":"<p>\nIosso hylspolish: En l\u00f6sning f\u00f6r m\u00e4ssingshylsor.<\/p>\n<ul>\n<li>Reng\u00f6r och polerar till en blank yta<\/li>\n<li>Avl\u00e4gsnar f\u00f6roreningar, rester och oxidation<\/li>\n<li>Minskar poleringstiden<\/li>\n<li>Skyddar mot framtida oxidation<\/li>\n<li>Ny biobaserad formel<\/li>\n<li>S\u00e4ker f\u00f6r anv\u00e4ndare och milj\u00f6<\/li>\n<\/ul>\n<p>Ge dina m\u00e4ssingshylsor en ny finish med Iosso hylspolish. L\u00e4mplig f\u00f6r smutsiga eller f\u00f6rreng\u00f6rda hylsor.<\/p>\n","protected":false},"excerpt":{"rendered":"<p>Iosso hylspolish: \u00c5terst\u00e4ller m\u00e4ssingshylsor till en str\u00e5lande glans.<\/p>\n","protected":false},"featured_media":102459,"template":"","meta":{"_acf_changed":false},"product_brand":[11478],"product_cat":[13047,13049],"product_tag":[],"class_list":{"0":"post-63586","1":"product","2":"type-product","3":"status-publish","4":"has-post-thumbnail","6":"product_brand-iosso","7":"product_cat-hylsfoerberedelse","8":"product_cat-omladdning","10":"first","11":"instock","12":"taxable","13":"shipping-taxable","14":"purchasable","15":"product-type-variable","16":"wvs-archive-product-wrapper"},"acf":[],"_links":{"self":[{"href":"https:\/\/staging.nbg.eu\/sv\/wp-json\/wp\/v2\/product\/63586","targetHints":{"allow":["GET"]}}],"collection":[{"href":"https:\/\/staging.nbg.eu\/sv\/wp-json\/wp\/v2\/product"}],"about":[{"href":"https:\/\/staging.nbg.eu\/sv\/wp-json\/wp\/v2\/types\/product"}],"wp:featuredmedia":[{"embeddable":true,"href":"https:\/\/staging.nbg.eu\/sv\/wp-json\/wp\/v2\/media\/102459"}],"wp:attachment":[{"href":"https:\/\/staging.nbg.eu\/sv\/wp-json\/wp\/v2\/media?parent=63586"}],"wp:term":[{"taxonomy":"product_brand","embeddable":true,"href":"https:\/\/staging.nbg.eu\/sv\/wp-json\/wp\/v2\/product_brand?post=63586"},{"taxonomy":"product_cat","embeddable":true,"href":"https:\/\/staging.nbg.eu\/sv\/wp-json\/wp\/v2\/product_cat?post=63586"},{"taxonomy":"product_tag","embeddable":true,"href":"https:\/\/staging.nbg.eu\/sv\/wp-json\/wp\/v2\/product_tag?post=63586"}],"curies":[{"name":"wp","href":"https:\/\/api.w.org\/{rel}","templated":true}]}}