{"id":63478,"date":"2024-01-23T19:15:27","date_gmt":"2024-09-16T13:13:02","guid":{"rendered":"https:\/\/staging.nbg.eu\/product\/iosso-cotton-knit-cleaning-patches\/"},"modified":"2024-09-16T13:14:03","modified_gmt":"2024-09-16T13:14:03","slug":"iosso-bomullsstickad-rengoeringslappar","status":"publish","type":"product","link":"https:\/\/staging.nbg.eu\/sv\/produkt\/iosso-bomullsstickad-rengoeringslappar\/","title":{"rendered":"Iosso Bomullsstickad Reng\u00f6ringslappar"},"content":{"rendered":"<p>\nIosso reng\u00f6ringslappar av bomullsv\u00e4v: 100% bomull, luddfria och fr\u00e5nst\u00f6tande. Den v\u00e4vda typen f\u00e5ngar upp smuts b\u00e4ttre \u00e4n flanell eller akryl. Tillg\u00e4ngliga storlekar:<\/p>\n<ul>\n<li>1-1\/2&#8243;: .22 gev\u00e4r till .270<\/li>\n<li>2-1\/2&#8243;: .338 till .357<\/li>\n<li>3&#8243;: hagelgev\u00e4r<\/li>\n<li>6&#8243;: 37-40mm<\/li>\n<\/ul>\n<p>V\u00e4vd pik\u00e9-tyg f\u00f6r effektiv reng\u00f6ring.<\/p>\n","protected":false},"excerpt":{"rendered":"<p>Luddfria, stickade bomullstrasor f\u00f6r \u00f6verl\u00e4gsen reng\u00f6ring av skjutvapen.<\/p>\n","protected":false},"featured_media":107574,"template":"","meta":{"_acf_changed":false},"product_brand":[11478],"product_cat":[13061,13034],"product_tag":[],"class_list":{"0":"post-63478","1":"product","2":"type-product","3":"status-publish","4":"has-post-thumbnail","6":"product_brand-iosso","7":"product_cat-borstar","8":"product_cat-vapenrengoering","10":"first","11":"instock","12":"taxable","13":"shipping-taxable","14":"purchasable","15":"product-type-variable","16":"wvs-archive-product-wrapper"},"acf":[],"_links":{"self":[{"href":"https:\/\/staging.nbg.eu\/sv\/wp-json\/wp\/v2\/product\/63478","targetHints":{"allow":["GET"]}}],"collection":[{"href":"https:\/\/staging.nbg.eu\/sv\/wp-json\/wp\/v2\/product"}],"about":[{"href":"https:\/\/staging.nbg.eu\/sv\/wp-json\/wp\/v2\/types\/product"}],"wp:featuredmedia":[{"embeddable":true,"href":"https:\/\/staging.nbg.eu\/sv\/wp-json\/wp\/v2\/media\/107574"}],"wp:attachment":[{"href":"https:\/\/staging.nbg.eu\/sv\/wp-json\/wp\/v2\/media?parent=63478"}],"wp:term":[{"taxonomy":"product_brand","embeddable":true,"href":"https:\/\/staging.nbg.eu\/sv\/wp-json\/wp\/v2\/product_brand?post=63478"},{"taxonomy":"product_cat","embeddable":true,"href":"https:\/\/staging.nbg.eu\/sv\/wp-json\/wp\/v2\/product_cat?post=63478"},{"taxonomy":"product_tag","embeddable":true,"href":"https:\/\/staging.nbg.eu\/sv\/wp-json\/wp\/v2\/product_tag?post=63478"}],"curies":[{"name":"wp","href":"https:\/\/api.w.org\/{rel}","templated":true}]}}