{"id":63373,"date":"2024-01-23T19:37:48","date_gmt":"2024-09-16T13:09:59","guid":{"rendered":"https:\/\/staging.nbg.eu\/product\/iosso-firearms-parts-cleaner-degreaser-37l\/"},"modified":"2024-09-16T13:10:58","modified_gmt":"2024-09-16T13:10:58","slug":"iosso-vapendelar-rengoering-avfettning-37l","status":"publish","type":"product","link":"https:\/\/staging.nbg.eu\/sv\/produkt\/iosso-vapendelar-rengoering-avfettning-37l\/","title":{"rendered":"Iosso Vapendelar Reng\u00f6ring (Avfettning, 3,7L)"},"content":{"rendered":"<p>\nIosso reng\u00f6ringsmedel f\u00f6r vapendelar: Ett effektivt och milj\u00f6v\u00e4nligt avfettningsmedel f\u00f6r vapen. Detta biologiskt nedbrytbara reng\u00f6ringsmedel avl\u00e4gsnar smuts, kol, fett och rester. S\u00e4kert f\u00f6r ultraljudsmaskiner, har l\u00e5g VOC-halt och \u00e4r tillverkat av v\u00e4xtextrakt. Kan sprayas, bl\u00f6tl\u00e4ggas eller torkas av f\u00f6r reng\u00f6ring som \u00e4r s\u00e4ker f\u00f6r anv\u00e4ndaren och milj\u00f6n.<\/p>\n","protected":false},"excerpt":{"rendered":"<p>Milj\u00f6v\u00e4nligt, kraftfullt avfettningsmedel f\u00f6r grundlig reng\u00f6ring av vapendelar.<\/p>\n","protected":false},"featured_media":102538,"template":"","meta":{"_acf_changed":false},"product_brand":[11478],"product_cat":[13048,13034],"product_tag":[],"class_list":{"0":"post-63373","1":"product","2":"type-product","3":"status-publish","4":"has-post-thumbnail","6":"product_brand-iosso","7":"product_cat-rengoeringsmedel","8":"product_cat-vapenrengoering","10":"first","11":"instock","12":"taxable","13":"shipping-taxable","14":"purchasable","15":"product-type-simple"},"acf":[],"_links":{"self":[{"href":"https:\/\/staging.nbg.eu\/sv\/wp-json\/wp\/v2\/product\/63373","targetHints":{"allow":["GET"]}}],"collection":[{"href":"https:\/\/staging.nbg.eu\/sv\/wp-json\/wp\/v2\/product"}],"about":[{"href":"https:\/\/staging.nbg.eu\/sv\/wp-json\/wp\/v2\/types\/product"}],"wp:featuredmedia":[{"embeddable":true,"href":"https:\/\/staging.nbg.eu\/sv\/wp-json\/wp\/v2\/media\/102538"}],"wp:attachment":[{"href":"https:\/\/staging.nbg.eu\/sv\/wp-json\/wp\/v2\/media?parent=63373"}],"wp:term":[{"taxonomy":"product_brand","embeddable":true,"href":"https:\/\/staging.nbg.eu\/sv\/wp-json\/wp\/v2\/product_brand?post=63373"},{"taxonomy":"product_cat","embeddable":true,"href":"https:\/\/staging.nbg.eu\/sv\/wp-json\/wp\/v2\/product_cat?post=63373"},{"taxonomy":"product_tag","embeddable":true,"href":"https:\/\/staging.nbg.eu\/sv\/wp-json\/wp\/v2\/product_tag?post=63373"}],"curies":[{"name":"wp","href":"https:\/\/api.w.org\/{rel}","templated":true}]}}