{"id":63330,"date":"2024-01-23T19:46:33","date_gmt":"2024-09-16T13:05:00","guid":{"rendered":"https:\/\/staging.nbg.eu\/product\/iosso-gunbrite\/"},"modified":"2024-09-16T13:06:01","modified_gmt":"2024-09-16T13:06:01","slug":"iosso-gunbrite","status":"publish","type":"product","link":"https:\/\/staging.nbg.eu\/sv\/produkt\/iosso-gunbrite\/","title":{"rendered":"Iosso GunBrite"},"content":{"rendered":"<p>\nIosso GunBrite: Reng\u00f6ringsmedel f\u00f6r vapen<\/p>\n<ul>\n<li>S\u00e4ker f\u00f6r alla vapenytbehandlingar<\/li>\n<li>Avl\u00e4gsnar bel\u00e4ggning, rost, smuts och missf\u00e4rgning<\/li>\n<li>Reng\u00f6r cylinderringar<\/li>\n<li>L\u00e4mnar en skyddande, icke-oljig bel\u00e4ggning<\/li>\n<li>Motst\u00e5ndskraftig mot fingeravtryck och fukt<\/li>\n<\/ul>\n<p>Iosso GunBrite f\u00f6r reng\u00f6ring av skjutvapen<\/p>\n","protected":false},"excerpt":{"rendered":"<p>Iosso GunBrite: Reng\u00f6r, polerar och skyddar skjutvapen p\u00e5 ett s\u00e4kert s\u00e4tt.<\/p>\n","protected":false},"featured_media":102615,"template":"","meta":{"_acf_changed":false},"product_brand":[11478],"product_cat":[13048,13034],"product_tag":[],"class_list":{"0":"post-63330","1":"product","2":"type-product","3":"status-publish","4":"has-post-thumbnail","6":"product_brand-iosso","7":"product_cat-rengoeringsmedel","8":"product_cat-vapenrengoering","10":"first","11":"instock","12":"taxable","13":"shipping-taxable","14":"purchasable","15":"product-type-variable","16":"wvs-archive-product-wrapper"},"acf":[],"_links":{"self":[{"href":"https:\/\/staging.nbg.eu\/sv\/wp-json\/wp\/v2\/product\/63330","targetHints":{"allow":["GET"]}}],"collection":[{"href":"https:\/\/staging.nbg.eu\/sv\/wp-json\/wp\/v2\/product"}],"about":[{"href":"https:\/\/staging.nbg.eu\/sv\/wp-json\/wp\/v2\/types\/product"}],"wp:featuredmedia":[{"embeddable":true,"href":"https:\/\/staging.nbg.eu\/sv\/wp-json\/wp\/v2\/media\/102615"}],"wp:attachment":[{"href":"https:\/\/staging.nbg.eu\/sv\/wp-json\/wp\/v2\/media?parent=63330"}],"wp:term":[{"taxonomy":"product_brand","embeddable":true,"href":"https:\/\/staging.nbg.eu\/sv\/wp-json\/wp\/v2\/product_brand?post=63330"},{"taxonomy":"product_cat","embeddable":true,"href":"https:\/\/staging.nbg.eu\/sv\/wp-json\/wp\/v2\/product_cat?post=63330"},{"taxonomy":"product_tag","embeddable":true,"href":"https:\/\/staging.nbg.eu\/sv\/wp-json\/wp\/v2\/product_tag?post=63330"}],"curies":[{"name":"wp","href":"https:\/\/api.w.org\/{rel}","templated":true}]}}