{"id":63266,"date":"2024-01-23T19:51:36","date_gmt":"2024-09-16T13:03:29","guid":{"rendered":"https:\/\/staging.nbg.eu\/product\/iosso-sizing-lubricant-and-cleaner\/"},"modified":"2024-09-16T13:04:30","modified_gmt":"2024-09-16T13:04:30","slug":"iosso-sizing-smoerjmedel-och-rengoering","status":"publish","type":"product","link":"https:\/\/staging.nbg.eu\/sv\/produkt\/iosso-sizing-smoerjmedel-och-rengoering\/","title":{"rendered":"Iosso Sizing Sm\u00f6rjmedel och Reng\u00f6ring"},"content":{"rendered":"<p>\nIosso Storlekssm\u00f6rjmedel och reng\u00f6ringsmedel: En biobaserad l\u00f6sning f\u00f6r hylsstorleksanpassning. Denna 4 oz produkt reng\u00f6r och sm\u00f6rjer, f\u00f6rhindrar fastsittande hylsor och f\u00f6rl\u00e4nger livsl\u00e4ngden p\u00e5 verktyg. Enkel att anv\u00e4nda utan restprodukter eller lukt. Vattenl\u00f6slig, biologiskt nedbrytbar och icke-brandfarlig. F\u00f6rhindrar korrosion och rost. T\u00e4ck hylsorna, anpassa storleken, torka eller sk\u00f6lj sedan innan omladdning.<\/p>\n","protected":false},"excerpt":{"rendered":"<p>Biobaserat reng\u00f6rings- och sm\u00f6rjmedel f\u00f6r j\u00e4mnare dimensionering och l\u00e4ngre livsl\u00e4ngd p\u00e5 formverktyg.<\/p>\n","protected":false},"featured_media":107672,"template":"","meta":{"_acf_changed":false},"product_brand":[11478],"product_cat":[13049,13048],"product_tag":[],"class_list":{"0":"post-63266","1":"product","2":"type-product","3":"status-publish","4":"has-post-thumbnail","6":"product_brand-iosso","7":"product_cat-omladdning","8":"product_cat-rengoeringsmedel","10":"first","11":"instock","12":"taxable","13":"shipping-taxable","14":"purchasable","15":"product-type-variable","16":"wvs-archive-product-wrapper"},"acf":[],"_links":{"self":[{"href":"https:\/\/staging.nbg.eu\/sv\/wp-json\/wp\/v2\/product\/63266","targetHints":{"allow":["GET"]}}],"collection":[{"href":"https:\/\/staging.nbg.eu\/sv\/wp-json\/wp\/v2\/product"}],"about":[{"href":"https:\/\/staging.nbg.eu\/sv\/wp-json\/wp\/v2\/types\/product"}],"wp:featuredmedia":[{"embeddable":true,"href":"https:\/\/staging.nbg.eu\/sv\/wp-json\/wp\/v2\/media\/107672"}],"wp:attachment":[{"href":"https:\/\/staging.nbg.eu\/sv\/wp-json\/wp\/v2\/media?parent=63266"}],"wp:term":[{"taxonomy":"product_brand","embeddable":true,"href":"https:\/\/staging.nbg.eu\/sv\/wp-json\/wp\/v2\/product_brand?post=63266"},{"taxonomy":"product_cat","embeddable":true,"href":"https:\/\/staging.nbg.eu\/sv\/wp-json\/wp\/v2\/product_cat?post=63266"},{"taxonomy":"product_tag","embeddable":true,"href":"https:\/\/staging.nbg.eu\/sv\/wp-json\/wp\/v2\/product_tag?post=63266"}],"curies":[{"name":"wp","href":"https:\/\/api.w.org\/{rel}","templated":true}]}}