{"id":63201,"date":"2024-01-24T09:44:05","date_gmt":"2024-09-16T13:01:03","guid":{"rendered":"https:\/\/staging.nbg.eu\/product\/iosso-triple-action-oil-solution\/"},"modified":"2024-09-16T13:02:07","modified_gmt":"2024-09-16T13:02:07","slug":"iosso-triple-action-oljeloesning","status":"publish","type":"product","link":"https:\/\/staging.nbg.eu\/sv\/produkt\/iosso-triple-action-oljeloesning\/","title":{"rendered":"Iosso Triple Action Oljel\u00f6sning"},"content":{"rendered":"<p>\nIosso Triple Action Oil Solution: Reng\u00f6r, sm\u00f6rjer och skyddar skjutvapen med denna biologiskt nedbrytbara, v\u00e4xtbaserade formula. Tr\u00e4nger in f\u00f6r att l\u00f6sa upp krut, kol och plasthylsor. Fungerar som sm\u00f6rjmedel f\u00f6r delar och korrosionsskydd. Fungerar i extrema temperaturer ner till -65\u00b0C. Milj\u00f6v\u00e4nlig och effektiv f\u00f6r reng\u00f6ring av pipor och underh\u00e5ll av vapen.<\/p>\n","protected":false},"excerpt":{"rendered":"<p>Milj\u00f6v\u00e4nlig olja reng\u00f6r, sm\u00f6rjer och skyddar skjutvapen effektivt.<\/p>\n","protected":false},"featured_media":107626,"template":"","meta":{"_acf_changed":false},"product_brand":[11478],"product_cat":[13048,13022,13034],"product_tag":[],"class_list":{"0":"post-63201","1":"product","2":"type-product","3":"status-publish","4":"has-post-thumbnail","6":"product_brand-iosso","7":"product_cat-rengoeringsmedel","8":"product_cat-smoerjmedel","9":"product_cat-vapenrengoering","11":"first","12":"instock","13":"taxable","14":"shipping-taxable","15":"purchasable","16":"product-type-variable","17":"wvs-archive-product-wrapper"},"acf":[],"_links":{"self":[{"href":"https:\/\/staging.nbg.eu\/sv\/wp-json\/wp\/v2\/product\/63201","targetHints":{"allow":["GET"]}}],"collection":[{"href":"https:\/\/staging.nbg.eu\/sv\/wp-json\/wp\/v2\/product"}],"about":[{"href":"https:\/\/staging.nbg.eu\/sv\/wp-json\/wp\/v2\/types\/product"}],"wp:featuredmedia":[{"embeddable":true,"href":"https:\/\/staging.nbg.eu\/sv\/wp-json\/wp\/v2\/media\/107626"}],"wp:attachment":[{"href":"https:\/\/staging.nbg.eu\/sv\/wp-json\/wp\/v2\/media?parent=63201"}],"wp:term":[{"taxonomy":"product_brand","embeddable":true,"href":"https:\/\/staging.nbg.eu\/sv\/wp-json\/wp\/v2\/product_brand?post=63201"},{"taxonomy":"product_cat","embeddable":true,"href":"https:\/\/staging.nbg.eu\/sv\/wp-json\/wp\/v2\/product_cat?post=63201"},{"taxonomy":"product_tag","embeddable":true,"href":"https:\/\/staging.nbg.eu\/sv\/wp-json\/wp\/v2\/product_tag?post=63201"}],"curies":[{"name":"wp","href":"https:\/\/api.w.org\/{rel}","templated":true}]}}