{"id":63117,"date":"2024-01-24T18:43:40","date_gmt":"2024-09-16T12:56:24","guid":{"rendered":"https:\/\/staging.nbg.eu\/product\/iosso-ar-bolt-carrier-key-tube-brush\/"},"modified":"2024-09-16T12:57:23","modified_gmt":"2024-09-16T12:57:23","slug":"iosso-ar-slutstycke-key-roerborste","status":"publish","type":"product","link":"https:\/\/staging.nbg.eu\/sv\/produkt\/iosso-ar-slutstycke-key-roerborste\/","title":{"rendered":"Iosso AR Slutstycke Key R\u00f6rborste"},"content":{"rendered":"<p>\nIosso AR-b\u00e4rnyckelr\u00f6rsborste: Passar exakt, avl\u00e4gsnar kolfiberavlagringar. Anv\u00e4nd med Iosso-olja. L\u00e4mnar inga luddsp\u00e5r. L\u00e4mplig f\u00f6r underh\u00e5ll av AR.<\/p>\n","protected":false},"excerpt":{"rendered":"<p>Iosso AR Slutstycksnyckelr\u00f6rsborste: Reng\u00f6r kolfiberavlagringar effektivt.<\/p>\n","protected":false},"featured_media":102296,"template":"","meta":{"_acf_changed":false},"product_brand":[11478],"product_cat":[13061,13034],"product_tag":[],"class_list":{"0":"post-63117","1":"product","2":"type-product","3":"status-publish","4":"has-post-thumbnail","6":"product_brand-iosso","7":"product_cat-borstar","8":"product_cat-vapenrengoering","10":"first","11":"instock","12":"taxable","13":"shipping-taxable","14":"purchasable","15":"product-type-simple"},"acf":[],"_links":{"self":[{"href":"https:\/\/staging.nbg.eu\/sv\/wp-json\/wp\/v2\/product\/63117","targetHints":{"allow":["GET"]}}],"collection":[{"href":"https:\/\/staging.nbg.eu\/sv\/wp-json\/wp\/v2\/product"}],"about":[{"href":"https:\/\/staging.nbg.eu\/sv\/wp-json\/wp\/v2\/types\/product"}],"wp:featuredmedia":[{"embeddable":true,"href":"https:\/\/staging.nbg.eu\/sv\/wp-json\/wp\/v2\/media\/102296"}],"wp:attachment":[{"href":"https:\/\/staging.nbg.eu\/sv\/wp-json\/wp\/v2\/media?parent=63117"}],"wp:term":[{"taxonomy":"product_brand","embeddable":true,"href":"https:\/\/staging.nbg.eu\/sv\/wp-json\/wp\/v2\/product_brand?post=63117"},{"taxonomy":"product_cat","embeddable":true,"href":"https:\/\/staging.nbg.eu\/sv\/wp-json\/wp\/v2\/product_cat?post=63117"},{"taxonomy":"product_tag","embeddable":true,"href":"https:\/\/staging.nbg.eu\/sv\/wp-json\/wp\/v2\/product_tag?post=63117"}],"curies":[{"name":"wp","href":"https:\/\/api.w.org\/{rel}","templated":true}]}}