{"id":63075,"date":"2024-01-24T18:50:37","date_gmt":"2024-01-24T18:50:37","guid":{"rendered":"https:\/\/staging.nbg.eu\/product\/iosso-cleaning-brush-2-sided-2-pk\/"},"modified":"2024-09-16T12:54:52","modified_gmt":"2024-09-16T12:54:52","slug":"iosso-rengoeringsborste-2-sidig-2fp","status":"publish","type":"product","link":"https:\/\/staging.nbg.eu\/sv\/produkt\/iosso-rengoeringsborste-2-sidig-2fp\/","title":{"rendered":"Iosso Reng\u00f6ringsborste 2-sidig &#8211; 2\/fp"},"content":{"rendered":"<p>\nIosso reng\u00f6ringsborste med 2 sidor &#8211; 2\/f\u00f6rpackning har slitt\u00e5liga nylonborst f\u00f6r effektiv reng\u00f6ring. Varje f\u00f6rpackning inneh\u00e5ller tv\u00e5 borstar med en bred, l\u00e5ng sida och en smal sida. Kan anv\u00e4ndas med Iosso Triple Action Oil, Bore Cleaner eller Metal Polish. L\u00e4mplig f\u00f6r att avl\u00e4gsna kolavlagringar och krutsmuts i skjutvapen eller industriella till\u00e4mpningar.<\/p>\n","protected":false},"excerpt":{"rendered":"<p>Dubbelsidig nylonborste f\u00f6r m\u00e5ngsidig reng\u00f6ring. 2-pack.<\/p>\n","protected":false},"featured_media":63076,"template":"","meta":{"_acf_changed":false},"product_brand":[11478],"product_cat":[13061,13034],"product_tag":[],"class_list":{"0":"post-63075","1":"product","2":"type-product","3":"status-publish","4":"has-post-thumbnail","6":"product_brand-iosso","7":"product_cat-borstar","8":"product_cat-vapenrengoering","10":"first","11":"instock","12":"taxable","13":"shipping-taxable","14":"purchasable","15":"product-type-simple"},"acf":[],"_links":{"self":[{"href":"https:\/\/staging.nbg.eu\/sv\/wp-json\/wp\/v2\/product\/63075","targetHints":{"allow":["GET"]}}],"collection":[{"href":"https:\/\/staging.nbg.eu\/sv\/wp-json\/wp\/v2\/product"}],"about":[{"href":"https:\/\/staging.nbg.eu\/sv\/wp-json\/wp\/v2\/types\/product"}],"wp:featuredmedia":[{"embeddable":true,"href":"https:\/\/staging.nbg.eu\/sv\/wp-json\/wp\/v2\/media\/63076"}],"wp:attachment":[{"href":"https:\/\/staging.nbg.eu\/sv\/wp-json\/wp\/v2\/media?parent=63075"}],"wp:term":[{"taxonomy":"product_brand","embeddable":true,"href":"https:\/\/staging.nbg.eu\/sv\/wp-json\/wp\/v2\/product_brand?post=63075"},{"taxonomy":"product_cat","embeddable":true,"href":"https:\/\/staging.nbg.eu\/sv\/wp-json\/wp\/v2\/product_cat?post=63075"},{"taxonomy":"product_tag","embeddable":true,"href":"https:\/\/staging.nbg.eu\/sv\/wp-json\/wp\/v2\/product_tag?post=63075"}],"curies":[{"name":"wp","href":"https:\/\/api.w.org\/{rel}","templated":true}]}}